{"id":10452,"date":"2025-01-04T18:04:55","date_gmt":"2025-01-04T18:04:55","guid":{"rendered":"https:\/\/drivelab.ee\/?post_type=product&#038;p=10452"},"modified":"2026-04-20T16:32:22","modified_gmt":"2026-04-20T14:32:22","slug":"thinkdiag-mini-bluetooth-obd2-diagnostic-scanner","status":"publish","type":"product","link":"https:\/\/drivelab.ee\/en\/product\/thinkdiag-mini-bluetooth-obd2-diagnostikaskanner\/","title":{"rendered":"THINKDIAG MINI"},"content":{"rendered":"<p>Siit leiate meie v\u00f5rdlustabeli, mis aitab teil valida endale sobiva Thinkcar t\u00f6\u00f6riista: <a href=\"https:\/\/drivelab.ee\/en\/millise-thinkcar-valida\/\"><strong>Millise Thinkcar seade valida?<\/strong><\/a><\/p>\n<p><strong>T\u00e4iss\u00fcsteemi diagnostika:<\/strong> THINKDIAG MINI katab k\u00f5ik peamised s\u00f5idukis\u00fcsteemid, sealhulgas mootor, k\u00e4igukast, ABS, SRS, TPMS, kliimaseade ja palju muud. Tehke h\u00f5lpsalt p\u00f5hjalik diagnostika ning p\u00e4\u00e4sete ligi tootjaspetsiifilistele koodidele t\u00e4pseks veaotsinguks.<\/p>\n<p><img decoding=\"async\" class=\"aligncenter\" src=\"https:\/\/mythinkcar.com\/cdn\/shop\/files\/PC-1_aef5ea60-6072-4cb0-a858-515ac90dcc94.jpg?v=1708582299&amp;width=3840\" \/><\/p>\n<p><strong>T\u00e4ielik OBDII erifunktsioonidega s\u00f5iduki diagnostikaseade.<\/strong><\/p>\n<p><img decoding=\"async\" src=\"https:\/\/mythinkcar.com\/cdn\/shop\/files\/PC-2_72fc087a-7d80-4efd-86cd-87a9a1e4ff8e.jpg?v=1708582387&amp;width=3840\" \/><\/p>\n<p><strong>Kasutajas\u00f5bralik liides:<\/strong> THINKDIAG MINI t\u00f6\u00f6tab sujuvalt koos spetsiaalse nutitelefoni rakendusega, pakkudes mugavat ja intuitiivset diagnostikakogemust. Looge ja kustutage koode, vaadake reaalajas andmeid ning p\u00e4\u00e4sete otse oma telefonist juurde t\u00e4iendavatele funktsioonidele.<\/p>\n<p><img decoding=\"async\" class=\"aligncenter\" src=\"https:\/\/mythinkcar.com\/cdn\/shop\/files\/PC-3_bfcd9551-2909-4df9-a4d1-e57bde695b39.jpg?v=1708582543&amp;width=3840\" \/><\/p>\n<p><strong>Eksklusiivne rakendus pakub rohkem teenuseid.<\/strong><\/p>\n<p><img decoding=\"async\" class=\"aligncenter\" src=\"https:\/\/mythinkcar.com\/cdn\/shop\/files\/PC-4_ec11bc2d-a166-474b-8f3b-a1e1a047f559.jpg?v=1708582601&amp;width=3840\" \/><\/p>\n<p><strong>Toetab enamikku automarke.<\/strong><\/p>\n<p><img decoding=\"async\" class=\"aligncenter\" src=\"https:\/\/mythinkcar.com\/cdn\/shop\/files\/THINKDIAG_MINI_D.jpg?v=1716538670&amp;width=3840\" \/><\/p>\n<p><strong>Diagnostika sammud \u00fchendamiseks mobiilirakendusega.<\/strong><\/p>\n<p><img decoding=\"async\" class=\"aligncenter\" src=\"https:\/\/mythinkcar.com\/cdn\/shop\/files\/11.jpg?v=1699259199&amp;width=3840\" alt=\"How to register to use thinkdaig2\" \/><\/p>","protected":false},"excerpt":{"rendered":"<ul>\n<li>Full system diagnostics, lifetime free usage<\/li>\n<li>Supports all OBD2 diagnostic functions<\/li>\n<li>Automatic VIN detection<\/li>\n<li>Kattega 98% turul olevatest automudelitest<\/li>\n<li>Supports over 15 languages<\/li>\n<\/ul>","protected":false},"featured_media":10442,"template":"","meta":[],"product_brand":[318],"product_cat":[307,299],"product_tag":[],"class_list":{"0":"post-10452","1":"product","2":"type-product","3":"status-publish","4":"has-post-thumbnail","6":"product_brand-thinkcar","7":"product_cat-diagnostika","8":"product_cat-diagnostikaseadmed","9":"ts_product_brand-brand-thinkcar","11":"first","12":"instock","13":"sale","14":"featured","15":"taxable","16":"shipping-taxable","17":"purchasable","18":"product-type-simple"},"yoast_head":"<!-- This site is optimized with the Yoast SEO plugin v26.7 - https:\/\/yoast.com\/wordpress\/plugins\/seo\/ -->\n<title>ThinkDiag Mini Bluetooth OBD2 Diagnostikaskanner - DriveLab<\/title>\n<meta name=\"description\" content=\"THINKCAR ThinkDiag Mini \u2013 kompaktne Bluetooth OBD2 skanner iOS ja Android seadmetele. T\u00e4ielik s\u00fcsteemidiagnostika, 15 hooldusfunktsiooni, AutoVIN tuvastus ja t\u00e4ielik OBD2 tugi. Katab 98% turul olevatest s\u00f5idukitest. Eluaegsed tasuta OBD2 funktsioonid.\" \/>\n<meta name=\"robots\" content=\"index, follow, max-snippet:-1, max-image-preview:large, max-video-preview:-1\" \/>\n<link rel=\"canonical\" href=\"https:\/\/drivelab.ee\/en\/product\/thinkdiag-mini-bluetooth-obd2-diagnostic-scanner\/\" \/>\n<meta property=\"og:locale\" content=\"en_US\" \/>\n<meta property=\"og:type\" content=\"article\" \/>\n<meta property=\"og:title\" content=\"ThinkDiag Mini Bluetooth OBD2 Diagnostikaskanner - DriveLab\" \/>\n<meta property=\"og:description\" content=\"THINKCAR ThinkDiag Mini \u2013 kompaktne Bluetooth OBD2 skanner iOS ja Android seadmetele. T\u00e4ielik s\u00fcsteemidiagnostika, 15 hooldusfunktsiooni, AutoVIN tuvastus ja t\u00e4ielik OBD2 tugi. Katab 98% turul olevatest s\u00f5idukitest. Eluaegsed tasuta OBD2 funktsioonid.\" \/>\n<meta property=\"og:url\" content=\"https:\/\/drivelab.ee\/en\/product\/thinkdiag-mini-bluetooth-obd2-diagnostic-scanner\/\" \/>\n<meta property=\"og:site_name\" content=\"DriveLab\" \/>\n<meta property=\"article:modified_time\" content=\"2026-04-20T14:32:22+00:00\" \/>\n<meta property=\"og:image\" content=\"https:\/\/drivelab.ee\/wp-content\/uploads\/2024\/05\/THINKDIAGMINI.webp\" \/>\n\t<meta property=\"og:image:width\" content=\"1200\" \/>\n\t<meta property=\"og:image:height\" content=\"1200\" \/>\n\t<meta property=\"og:image:type\" content=\"image\/webp\" \/>\n<meta name=\"twitter:card\" content=\"summary_large_image\" \/>\n<meta name=\"twitter:label1\" content=\"Est. reading time\" \/>\n\t<meta name=\"twitter:data1\" content=\"2 minutes\" \/>\n<script type=\"application\/ld+json\" class=\"yoast-schema-graph\">{\"@context\":\"https:\/\/schema.org\",\"@graph\":[{\"@type\":\"WebPage\",\"@id\":\"https:\/\/drivelab.ee\/product\/thinkdiag-mini-bluetooth-obd2-diagnostikaskanner\/\",\"url\":\"https:\/\/drivelab.ee\/product\/thinkdiag-mini-bluetooth-obd2-diagnostikaskanner\/\",\"name\":\"ThinkDiag Mini Bluetooth OBD2 Diagnostikaskanner - DriveLab\",\"isPartOf\":{\"@id\":\"https:\/\/drivelab.ee\/#website\"},\"primaryImageOfPage\":{\"@id\":\"https:\/\/drivelab.ee\/product\/thinkdiag-mini-bluetooth-obd2-diagnostikaskanner\/#primaryimage\"},\"image\":{\"@id\":\"https:\/\/drivelab.ee\/product\/thinkdiag-mini-bluetooth-obd2-diagnostikaskanner\/#primaryimage\"},\"thumbnailUrl\":\"https:\/\/drivelab.ee\/wp-content\/uploads\/2024\/05\/THINKDIAGMINI.webp\",\"datePublished\":\"2025-01-04T18:04:55+00:00\",\"dateModified\":\"2026-04-20T14:32:22+00:00\",\"description\":\"THINKCAR ThinkDiag Mini \u2013 kompaktne Bluetooth OBD2 skanner iOS ja Android seadmetele. T\u00e4ielik s\u00fcsteemidiagnostika, 15 hooldusfunktsiooni, AutoVIN tuvastus ja t\u00e4ielik OBD2 tugi. Katab 98% turul olevatest s\u00f5idukitest. Eluaegsed tasuta OBD2 funktsioonid.\",\"breadcrumb\":{\"@id\":\"https:\/\/drivelab.ee\/product\/thinkdiag-mini-bluetooth-obd2-diagnostikaskanner\/#breadcrumb\"},\"inLanguage\":\"en-US\",\"potentialAction\":[{\"@type\":\"ReadAction\",\"target\":[\"https:\/\/drivelab.ee\/product\/thinkdiag-mini-bluetooth-obd2-diagnostikaskanner\/\"]}]},{\"@type\":\"ImageObject\",\"inLanguage\":\"en-US\",\"@id\":\"https:\/\/drivelab.ee\/product\/thinkdiag-mini-bluetooth-obd2-diagnostikaskanner\/#primaryimage\",\"url\":\"https:\/\/drivelab.ee\/wp-content\/uploads\/2024\/05\/THINKDIAGMINI.webp\",\"contentUrl\":\"https:\/\/drivelab.ee\/wp-content\/uploads\/2024\/05\/THINKDIAGMINI.webp\",\"width\":1200,\"height\":1200},{\"@type\":\"BreadcrumbList\",\"@id\":\"https:\/\/drivelab.ee\/product\/thinkdiag-mini-bluetooth-obd2-diagnostikaskanner\/#breadcrumb\",\"itemListElement\":[{\"@type\":\"ListItem\",\"position\":1,\"name\":\"Home\",\"item\":\"https:\/\/drivelab.ee\/\"},{\"@type\":\"ListItem\",\"position\":2,\"name\":\"Pood\",\"item\":\"https:\/\/drivelab.ee\/shop\/\"},{\"@type\":\"ListItem\",\"position\":3,\"name\":\"THINKDIAG MINI\"}]},{\"@type\":\"WebSite\",\"@id\":\"https:\/\/drivelab.ee\/#website\",\"url\":\"https:\/\/drivelab.ee\/\",\"name\":\"DriveLab.ee\",\"description\":\"\",\"publisher\":{\"@id\":\"https:\/\/drivelab.ee\/#organization\"},\"potentialAction\":[{\"@type\":\"SearchAction\",\"target\":{\"@type\":\"EntryPoint\",\"urlTemplate\":\"https:\/\/drivelab.ee\/?s={search_term_string}\"},\"query-input\":{\"@type\":\"PropertyValueSpecification\",\"valueRequired\":true,\"valueName\":\"search_term_string\"}}],\"inLanguage\":\"en-US\"},{\"@type\":\"Organization\",\"@id\":\"https:\/\/drivelab.ee\/#organization\",\"name\":\"DriveLab\",\"url\":\"https:\/\/drivelab.ee\/\",\"logo\":{\"@type\":\"ImageObject\",\"inLanguage\":\"en-US\",\"@id\":\"https:\/\/drivelab.ee\/#\/schema\/logo\/image\/\",\"url\":\"https:\/\/drivelab.ee\/wp-content\/uploads\/2025\/01\/test-logo-1.png\",\"contentUrl\":\"https:\/\/drivelab.ee\/wp-content\/uploads\/2025\/01\/test-logo-1.png\",\"width\":492,\"height\":95,\"caption\":\"DriveLab\"},\"image\":{\"@id\":\"https:\/\/drivelab.ee\/#\/schema\/logo\/image\/\"}}]}<\/script>\n<!-- \/ Yoast SEO plugin. -->","yoast_head_json":{"title":"ThinkDiag Mini Bluetooth OBD2 Diagnostikaskanner - DriveLab","description":"THINKCAR ThinkDiag Mini \u2013 kompaktne Bluetooth OBD2 skanner iOS ja Android seadmetele. T\u00e4ielik s\u00fcsteemidiagnostika, 15 hooldusfunktsiooni, AutoVIN tuvastus ja t\u00e4ielik OBD2 tugi. Katab 98% turul olevatest s\u00f5idukitest. Eluaegsed tasuta OBD2 funktsioonid.","robots":{"index":"index","follow":"follow","max-snippet":"max-snippet:-1","max-image-preview":"max-image-preview:large","max-video-preview":"max-video-preview:-1"},"canonical":"https:\/\/drivelab.ee\/en\/product\/thinkdiag-mini-bluetooth-obd2-diagnostic-scanner\/","og_locale":"en_US","og_type":"article","og_title":"ThinkDiag Mini Bluetooth OBD2 Diagnostikaskanner - DriveLab","og_description":"THINKCAR ThinkDiag Mini \u2013 kompaktne Bluetooth OBD2 skanner iOS ja Android seadmetele. T\u00e4ielik s\u00fcsteemidiagnostika, 15 hooldusfunktsiooni, AutoVIN tuvastus ja t\u00e4ielik OBD2 tugi. Katab 98% turul olevatest s\u00f5idukitest. Eluaegsed tasuta OBD2 funktsioonid.","og_url":"https:\/\/drivelab.ee\/en\/product\/thinkdiag-mini-bluetooth-obd2-diagnostic-scanner\/","og_site_name":"DriveLab","article_modified_time":"2026-04-20T14:32:22+00:00","og_image":[{"width":1200,"height":1200,"url":"https:\/\/drivelab.ee\/wp-content\/uploads\/2024\/05\/THINKDIAGMINI.webp","type":"image\/webp"}],"twitter_card":"summary_large_image","twitter_misc":{"Est. reading time":"2 minutes"},"schema":{"@context":"https:\/\/schema.org","@graph":[{"@type":"WebPage","@id":"https:\/\/drivelab.ee\/product\/thinkdiag-mini-bluetooth-obd2-diagnostikaskanner\/","url":"https:\/\/drivelab.ee\/product\/thinkdiag-mini-bluetooth-obd2-diagnostikaskanner\/","name":"ThinkDiag Mini Bluetooth OBD2 Diagnostikaskanner - DriveLab","isPartOf":{"@id":"https:\/\/drivelab.ee\/#website"},"primaryImageOfPage":{"@id":"https:\/\/drivelab.ee\/product\/thinkdiag-mini-bluetooth-obd2-diagnostikaskanner\/#primaryimage"},"image":{"@id":"https:\/\/drivelab.ee\/product\/thinkdiag-mini-bluetooth-obd2-diagnostikaskanner\/#primaryimage"},"thumbnailUrl":"https:\/\/drivelab.ee\/wp-content\/uploads\/2024\/05\/THINKDIAGMINI.webp","datePublished":"2025-01-04T18:04:55+00:00","dateModified":"2026-04-20T14:32:22+00:00","description":"THINKCAR ThinkDiag Mini \u2013 kompaktne Bluetooth OBD2 skanner iOS ja Android seadmetele. T\u00e4ielik s\u00fcsteemidiagnostika, 15 hooldusfunktsiooni, AutoVIN tuvastus ja t\u00e4ielik OBD2 tugi. Katab 98% turul olevatest s\u00f5idukitest. Eluaegsed tasuta OBD2 funktsioonid.","breadcrumb":{"@id":"https:\/\/drivelab.ee\/product\/thinkdiag-mini-bluetooth-obd2-diagnostikaskanner\/#breadcrumb"},"inLanguage":"en-US","potentialAction":[{"@type":"ReadAction","target":["https:\/\/drivelab.ee\/product\/thinkdiag-mini-bluetooth-obd2-diagnostikaskanner\/"]}]},{"@type":"ImageObject","inLanguage":"en-US","@id":"https:\/\/drivelab.ee\/product\/thinkdiag-mini-bluetooth-obd2-diagnostikaskanner\/#primaryimage","url":"https:\/\/drivelab.ee\/wp-content\/uploads\/2024\/05\/THINKDIAGMINI.webp","contentUrl":"https:\/\/drivelab.ee\/wp-content\/uploads\/2024\/05\/THINKDIAGMINI.webp","width":1200,"height":1200},{"@type":"BreadcrumbList","@id":"https:\/\/drivelab.ee\/product\/thinkdiag-mini-bluetooth-obd2-diagnostikaskanner\/#breadcrumb","itemListElement":[{"@type":"ListItem","position":1,"name":"Home","item":"https:\/\/drivelab.ee\/"},{"@type":"ListItem","position":2,"name":"Pood","item":"https:\/\/drivelab.ee\/shop\/"},{"@type":"ListItem","position":3,"name":"THINKDIAG MINI"}]},{"@type":"WebSite","@id":"https:\/\/drivelab.ee\/#website","url":"https:\/\/drivelab.ee\/","name":"DriveLab.ee","description":"","publisher":{"@id":"https:\/\/drivelab.ee\/#organization"},"potentialAction":[{"@type":"SearchAction","target":{"@type":"EntryPoint","urlTemplate":"https:\/\/drivelab.ee\/?s={search_term_string}"},"query-input":{"@type":"PropertyValueSpecification","valueRequired":true,"valueName":"search_term_string"}}],"inLanguage":"en-US"},{"@type":"Organization","@id":"https:\/\/drivelab.ee\/#organization","name":"DriveLab","url":"https:\/\/drivelab.ee\/","logo":{"@type":"ImageObject","inLanguage":"en-US","@id":"https:\/\/drivelab.ee\/#\/schema\/logo\/image\/","url":"https:\/\/drivelab.ee\/wp-content\/uploads\/2025\/01\/test-logo-1.png","contentUrl":"https:\/\/drivelab.ee\/wp-content\/uploads\/2025\/01\/test-logo-1.png","width":492,"height":95,"caption":"DriveLab"},"image":{"@id":"https:\/\/drivelab.ee\/#\/schema\/logo\/image\/"}}]}},"jetpack_sharing_enabled":true,"_links":{"self":[{"href":"https:\/\/drivelab.ee\/en\/wp-json\/wp\/v2\/product\/10452","targetHints":{"allow":["GET"]}}],"collection":[{"href":"https:\/\/drivelab.ee\/en\/wp-json\/wp\/v2\/product"}],"about":[{"href":"https:\/\/drivelab.ee\/en\/wp-json\/wp\/v2\/types\/product"}],"wp:featuredmedia":[{"embeddable":true,"href":"https:\/\/drivelab.ee\/en\/wp-json\/wp\/v2\/media\/10442"}],"wp:attachment":[{"href":"https:\/\/drivelab.ee\/en\/wp-json\/wp\/v2\/media?parent=10452"}],"wp:term":[{"taxonomy":"product_brand","embeddable":true,"href":"https:\/\/drivelab.ee\/en\/wp-json\/wp\/v2\/product_brand?post=10452"},{"taxonomy":"product_cat","embeddable":true,"href":"https:\/\/drivelab.ee\/en\/wp-json\/wp\/v2\/product_cat?post=10452"},{"taxonomy":"product_tag","embeddable":true,"href":"https:\/\/drivelab.ee\/en\/wp-json\/wp\/v2\/product_tag?post=10452"}],"curies":[{"name":"wp","href":"https:\/\/api.w.org\/{rel}","templated":true}]}}