{"id":10714,"date":"2025-01-20T22:16:37","date_gmt":"2025-01-20T20:16:37","guid":{"rendered":"https:\/\/drivelab.ee\/?post_type=product&#038;p=10714"},"modified":"2025-04-21T22:48:08","modified_gmt":"2025-04-21T20:48:08","slug":"elm327-bluetooth-v2-1-obd2","status":"publish","type":"product","link":"https:\/\/drivelab.ee\/en\/product\/elm327-bluetooth-v2-1-obd2\/","title":{"rendered":"ELM327 Bluetooth V2.1 OBD2"},"content":{"rendered":"<div>\n<p><strong>ELM327 Bluetooth V2.1 OBD2 \u2013 Taskukohane Diagnostikaseade<\/strong><\/p>\n<p>See seade on <strong>soodne ja lihtne lahendus<\/strong> s\u00f5iduki OBD2-andmete j\u00e4lgimiseks. Ehkki selle funktsioonid sobivad \u00fcldiseks diagnostikaks ja koodide lugemiseks, ei pruugi see pakkuda t\u00e4iustatud professionaalseid v\u00f5imalusi. Ideaalne valik <strong>algajatele v\u00f5i neile, kes otsivad eelarves\u00f5bralikku lahendust<\/strong>.<\/p>\n<\/div>\n<div><img fetchpriority=\"high\" decoding=\"async\" class=\"alignleft\" src=\"https:\/\/ae01.alicdn.com\/kf\/S524c455ed2a54126be0617d5e865c2afz.jpg\" width=\"577\" height=\"577\" \/><\/div>\n<div><strong><span data-spm-anchor-id=\"a2g0o.detail.1000023.i1.7d8bGs5CGs5CFL\">OBD2 Protocols:<\/span><\/strong><\/div>\n<div>SAE J1850 PWMSAE J1850 VPW (10.4 Kbaud)<\/div>\n<div>ISO 9141-2 (5 baud init, 10.4 Kbaud)<\/div>\n<div>ISO14230-4 KWP (5 baud init, 10.4 Kbaud)<\/div>\n<div>ISO14230-4 KWP (fast init, 10.4 Kbaud)<\/div>\n<div>ISO15765-4 CAN (11bit ID, 500 Kbaud)<\/div>\n<div>ISO15765-4 CAN (29bit ID, 500 Kbaud)<\/div>\n<div>ISO15765-4 CAN (11bit ID, 250 Kbaud)<\/div>\n<div>ISO15765-4 CAN (29bit ID, 250 Kbaud)<\/div>\n<div>SAE J1850 PWM<\/div>\n<div>SAE J1850 VPW<\/div>\n<div>ISO 9141-2<\/div>\n<div>ISO14230-4 KWP<\/div>\n<div>ISO14230-4 KWP<\/div>\n<div>ISO15765-4 CAN<\/div>\n<div>ISO15765-4 CAN<\/div>\n<div>ISO15765-4 CAN<\/div>\n<div data-spm-anchor-id=\"a2g0o.detail.1000023.i0.7d8bGs5CGs5CFL\">ISO15765-4 CAN<\/div>","protected":false},"excerpt":{"rendered":"<p>ELM327 Bluetooth V2.1 OBD2 \u2013 Taskukohane Diagnostikaseade See seade on soodne ja lihtne lahendus s\u00f5iduki OBD2-andmete j\u00e4lgimiseks. Ehkki selle funktsioonid sobivad \u00fcldiseks diagnostikaks ja koodide lugemiseks, ei pruugi see pakkuda t\u00e4iustatud professionaalseid v\u00f5imalusi. Ideaalne valik algajatele v\u00f5i neile, kes otsivad eelarves\u00f5bralikku lahendust. OBD2 Protocols: SAE J1850 PWMSAE J1850 VPW (10.4 Kbaud) ISO 9141-2 (5 baud [&hellip;]<\/p>\n","protected":false},"featured_media":10715,"template":"","meta":[],"product_brand":[],"product_cat":[307,308],"product_tag":[],"class_list":{"0":"post-10714","1":"product","2":"type-product","3":"status-publish","4":"has-post-thumbnail","6":"product_cat-diagnostika","7":"product_cat-tarvikud","9":"first","10":"instock","11":"taxable","12":"shipping-taxable","13":"purchasable","14":"product-type-simple"},"yoast_head":"<!-- This site is optimized with the Yoast SEO plugin v26.7 - https:\/\/yoast.com\/wordpress\/plugins\/seo\/ -->\n<title>ELM327 Bluetooth V2.1 OBD2 - DriveLab<\/title>\n<meta name=\"robots\" content=\"index, follow, max-snippet:-1, max-image-preview:large, max-video-preview:-1\" \/>\n<link rel=\"canonical\" href=\"https:\/\/drivelab.ee\/en\/product\/elm327-bluetooth-v2-1-obd2\/\" \/>\n<meta property=\"og:locale\" content=\"en_US\" \/>\n<meta property=\"og:type\" content=\"article\" \/>\n<meta property=\"og:title\" content=\"ELM327 Bluetooth V2.1 OBD2 - DriveLab\" \/>\n<meta property=\"og:description\" content=\"ELM327 Bluetooth V2.1 OBD2 \u2013 Taskukohane Diagnostikaseade See seade on soodne ja lihtne lahendus s\u00f5iduki OBD2-andmete j\u00e4lgimiseks. Ehkki selle funktsioonid sobivad \u00fcldiseks diagnostikaks ja koodide lugemiseks, ei pruugi see pakkuda t\u00e4iustatud professionaalseid v\u00f5imalusi. Ideaalne valik algajatele v\u00f5i neile, kes otsivad eelarves\u00f5bralikku lahendust. OBD2 Protocols: SAE J1850 PWMSAE J1850 VPW (10.4 Kbaud) ISO 9141-2 (5 baud [&hellip;]\" \/>\n<meta property=\"og:url\" content=\"https:\/\/drivelab.ee\/en\/product\/elm327-bluetooth-v2-1-obd2\/\" \/>\n<meta property=\"og:site_name\" content=\"DriveLab\" \/>\n<meta property=\"article:modified_time\" content=\"2025-04-21T20:48:08+00:00\" \/>\n<meta name=\"twitter:card\" content=\"summary_large_image\" \/>\n<meta name=\"twitter:label1\" content=\"Est. reading time\" \/>\n\t<meta name=\"twitter:data1\" content=\"2 minutes\" \/>\n<script type=\"application\/ld+json\" class=\"yoast-schema-graph\">{\"@context\":\"https:\/\/schema.org\",\"@graph\":[{\"@type\":\"WebPage\",\"@id\":\"https:\/\/drivelab.ee\/product\/elm327-bluetooth-v2-1-obd2\/\",\"url\":\"https:\/\/drivelab.ee\/product\/elm327-bluetooth-v2-1-obd2\/\",\"name\":\"ELM327 Bluetooth V2.1 OBD2 - DriveLab\",\"isPartOf\":{\"@id\":\"https:\/\/drivelab.ee\/#website\"},\"primaryImageOfPage\":{\"@id\":\"https:\/\/drivelab.ee\/product\/elm327-bluetooth-v2-1-obd2\/#primaryimage\"},\"image\":{\"@id\":\"https:\/\/drivelab.ee\/product\/elm327-bluetooth-v2-1-obd2\/#primaryimage\"},\"thumbnailUrl\":\"https:\/\/drivelab.ee\/wp-content\/uploads\/2025\/01\/S55bd8c54d41a4e16b8b5e13b1a25e7daV.png_960x960.avif\",\"datePublished\":\"2025-01-20T20:16:37+00:00\",\"dateModified\":\"2025-04-21T20:48:08+00:00\",\"breadcrumb\":{\"@id\":\"https:\/\/drivelab.ee\/product\/elm327-bluetooth-v2-1-obd2\/#breadcrumb\"},\"inLanguage\":\"en-US\",\"potentialAction\":[{\"@type\":\"ReadAction\",\"target\":[\"https:\/\/drivelab.ee\/product\/elm327-bluetooth-v2-1-obd2\/\"]}]},{\"@type\":\"ImageObject\",\"inLanguage\":\"en-US\",\"@id\":\"https:\/\/drivelab.ee\/product\/elm327-bluetooth-v2-1-obd2\/#primaryimage\",\"url\":\"https:\/\/drivelab.ee\/wp-content\/uploads\/2025\/01\/S55bd8c54d41a4e16b8b5e13b1a25e7daV.png_960x960.avif\",\"contentUrl\":\"https:\/\/drivelab.ee\/wp-content\/uploads\/2025\/01\/S55bd8c54d41a4e16b8b5e13b1a25e7daV.png_960x960.avif\",\"width\":960,\"height\":960},{\"@type\":\"BreadcrumbList\",\"@id\":\"https:\/\/drivelab.ee\/product\/elm327-bluetooth-v2-1-obd2\/#breadcrumb\",\"itemListElement\":[{\"@type\":\"ListItem\",\"position\":1,\"name\":\"Home\",\"item\":\"https:\/\/drivelab.ee\/\"},{\"@type\":\"ListItem\",\"position\":2,\"name\":\"Pood\",\"item\":\"https:\/\/drivelab.ee\/shop\/\"},{\"@type\":\"ListItem\",\"position\":3,\"name\":\"ELM327 Bluetooth V2.1 OBD2\"}]},{\"@type\":\"WebSite\",\"@id\":\"https:\/\/drivelab.ee\/#website\",\"url\":\"https:\/\/drivelab.ee\/\",\"name\":\"DriveLab.ee\",\"description\":\"\",\"publisher\":{\"@id\":\"https:\/\/drivelab.ee\/#organization\"},\"potentialAction\":[{\"@type\":\"SearchAction\",\"target\":{\"@type\":\"EntryPoint\",\"urlTemplate\":\"https:\/\/drivelab.ee\/?s={search_term_string}\"},\"query-input\":{\"@type\":\"PropertyValueSpecification\",\"valueRequired\":true,\"valueName\":\"search_term_string\"}}],\"inLanguage\":\"en-US\"},{\"@type\":\"Organization\",\"@id\":\"https:\/\/drivelab.ee\/#organization\",\"name\":\"DriveLab\",\"url\":\"https:\/\/drivelab.ee\/\",\"logo\":{\"@type\":\"ImageObject\",\"inLanguage\":\"en-US\",\"@id\":\"https:\/\/drivelab.ee\/#\/schema\/logo\/image\/\",\"url\":\"https:\/\/drivelab.ee\/wp-content\/uploads\/2025\/01\/test-logo-1.png\",\"contentUrl\":\"https:\/\/drivelab.ee\/wp-content\/uploads\/2025\/01\/test-logo-1.png\",\"width\":492,\"height\":95,\"caption\":\"DriveLab\"},\"image\":{\"@id\":\"https:\/\/drivelab.ee\/#\/schema\/logo\/image\/\"}}]}<\/script>\n<!-- \/ Yoast SEO plugin. -->","yoast_head_json":{"title":"ELM327 Bluetooth V2.1 OBD2 - DriveLab","robots":{"index":"index","follow":"follow","max-snippet":"max-snippet:-1","max-image-preview":"max-image-preview:large","max-video-preview":"max-video-preview:-1"},"canonical":"https:\/\/drivelab.ee\/en\/product\/elm327-bluetooth-v2-1-obd2\/","og_locale":"en_US","og_type":"article","og_title":"ELM327 Bluetooth V2.1 OBD2 - DriveLab","og_description":"ELM327 Bluetooth V2.1 OBD2 \u2013 Taskukohane Diagnostikaseade See seade on soodne ja lihtne lahendus s\u00f5iduki OBD2-andmete j\u00e4lgimiseks. Ehkki selle funktsioonid sobivad \u00fcldiseks diagnostikaks ja koodide lugemiseks, ei pruugi see pakkuda t\u00e4iustatud professionaalseid v\u00f5imalusi. Ideaalne valik algajatele v\u00f5i neile, kes otsivad eelarves\u00f5bralikku lahendust. OBD2 Protocols: SAE J1850 PWMSAE J1850 VPW (10.4 Kbaud) ISO 9141-2 (5 baud [&hellip;]","og_url":"https:\/\/drivelab.ee\/en\/product\/elm327-bluetooth-v2-1-obd2\/","og_site_name":"DriveLab","article_modified_time":"2025-04-21T20:48:08+00:00","twitter_card":"summary_large_image","twitter_misc":{"Est. reading time":"2 minutes"},"schema":{"@context":"https:\/\/schema.org","@graph":[{"@type":"WebPage","@id":"https:\/\/drivelab.ee\/product\/elm327-bluetooth-v2-1-obd2\/","url":"https:\/\/drivelab.ee\/product\/elm327-bluetooth-v2-1-obd2\/","name":"ELM327 Bluetooth V2.1 OBD2 - DriveLab","isPartOf":{"@id":"https:\/\/drivelab.ee\/#website"},"primaryImageOfPage":{"@id":"https:\/\/drivelab.ee\/product\/elm327-bluetooth-v2-1-obd2\/#primaryimage"},"image":{"@id":"https:\/\/drivelab.ee\/product\/elm327-bluetooth-v2-1-obd2\/#primaryimage"},"thumbnailUrl":"https:\/\/drivelab.ee\/wp-content\/uploads\/2025\/01\/S55bd8c54d41a4e16b8b5e13b1a25e7daV.png_960x960.avif","datePublished":"2025-01-20T20:16:37+00:00","dateModified":"2025-04-21T20:48:08+00:00","breadcrumb":{"@id":"https:\/\/drivelab.ee\/product\/elm327-bluetooth-v2-1-obd2\/#breadcrumb"},"inLanguage":"en-US","potentialAction":[{"@type":"ReadAction","target":["https:\/\/drivelab.ee\/product\/elm327-bluetooth-v2-1-obd2\/"]}]},{"@type":"ImageObject","inLanguage":"en-US","@id":"https:\/\/drivelab.ee\/product\/elm327-bluetooth-v2-1-obd2\/#primaryimage","url":"https:\/\/drivelab.ee\/wp-content\/uploads\/2025\/01\/S55bd8c54d41a4e16b8b5e13b1a25e7daV.png_960x960.avif","contentUrl":"https:\/\/drivelab.ee\/wp-content\/uploads\/2025\/01\/S55bd8c54d41a4e16b8b5e13b1a25e7daV.png_960x960.avif","width":960,"height":960},{"@type":"BreadcrumbList","@id":"https:\/\/drivelab.ee\/product\/elm327-bluetooth-v2-1-obd2\/#breadcrumb","itemListElement":[{"@type":"ListItem","position":1,"name":"Home","item":"https:\/\/drivelab.ee\/"},{"@type":"ListItem","position":2,"name":"Pood","item":"https:\/\/drivelab.ee\/shop\/"},{"@type":"ListItem","position":3,"name":"ELM327 Bluetooth V2.1 OBD2"}]},{"@type":"WebSite","@id":"https:\/\/drivelab.ee\/#website","url":"https:\/\/drivelab.ee\/","name":"DriveLab.ee","description":"","publisher":{"@id":"https:\/\/drivelab.ee\/#organization"},"potentialAction":[{"@type":"SearchAction","target":{"@type":"EntryPoint","urlTemplate":"https:\/\/drivelab.ee\/?s={search_term_string}"},"query-input":{"@type":"PropertyValueSpecification","valueRequired":true,"valueName":"search_term_string"}}],"inLanguage":"en-US"},{"@type":"Organization","@id":"https:\/\/drivelab.ee\/#organization","name":"DriveLab","url":"https:\/\/drivelab.ee\/","logo":{"@type":"ImageObject","inLanguage":"en-US","@id":"https:\/\/drivelab.ee\/#\/schema\/logo\/image\/","url":"https:\/\/drivelab.ee\/wp-content\/uploads\/2025\/01\/test-logo-1.png","contentUrl":"https:\/\/drivelab.ee\/wp-content\/uploads\/2025\/01\/test-logo-1.png","width":492,"height":95,"caption":"DriveLab"},"image":{"@id":"https:\/\/drivelab.ee\/#\/schema\/logo\/image\/"}}]}},"jetpack_sharing_enabled":true,"_links":{"self":[{"href":"https:\/\/drivelab.ee\/en\/wp-json\/wp\/v2\/product\/10714","targetHints":{"allow":["GET"]}}],"collection":[{"href":"https:\/\/drivelab.ee\/en\/wp-json\/wp\/v2\/product"}],"about":[{"href":"https:\/\/drivelab.ee\/en\/wp-json\/wp\/v2\/types\/product"}],"wp:featuredmedia":[{"embeddable":true,"href":"https:\/\/drivelab.ee\/en\/wp-json\/wp\/v2\/media\/10715"}],"wp:attachment":[{"href":"https:\/\/drivelab.ee\/en\/wp-json\/wp\/v2\/media?parent=10714"}],"wp:term":[{"taxonomy":"product_brand","embeddable":true,"href":"https:\/\/drivelab.ee\/en\/wp-json\/wp\/v2\/product_brand?post=10714"},{"taxonomy":"product_cat","embeddable":true,"href":"https:\/\/drivelab.ee\/en\/wp-json\/wp\/v2\/product_cat?post=10714"},{"taxonomy":"product_tag","embeddable":true,"href":"https:\/\/drivelab.ee\/en\/wp-json\/wp\/v2\/product_tag?post=10714"}],"curies":[{"name":"wp","href":"https:\/\/api.w.org\/{rel}","templated":true}]}}