{"id":10695,"date":"2025-01-19T13:20:45","date_gmt":"2025-01-19T11:20:45","guid":{"rendered":"https:\/\/drivelab.ee\/?post_type=product&#038;p=10695"},"modified":"2026-03-28T20:40:42","modified_gmt":"2026-03-28T18:40:42","slug":"thinkdiag-pikenduskaabel","status":"publish","type":"product","link":"https:\/\/drivelab.ee\/lt\/product\/thinkdiag-pikenduskaabel\/","title":{"rendered":"THINKDIAG MINI ZONDO ILONGTUVA LAIDAS"},"content":{"rendered":"<div id=\"shopify-section-template--23341922877743__image_banner_EYtfd3\" class=\"shopify-section sections-image-banner-block\">\n<div id=\"halo-image-banner-template--23341922877743__image_banner_EYtfd3\" class=\"halo-block halo-banner image-banner style_bg--none is-load\" data-loader-script=\"\/\/mythinkcar.com\/cdn\/shop\/t\/59\/assets\/halo.image-banner-slide.js?v=123854488726055376771725011630\">\n<div class=\"container\">\n<div class=\"halo-block-content\">\n<div class=\"halo-banner-wrapper slideshow is-slide\">\n<div>\n<div class=\"item item--largeImg image-banner-item-large_img_MHXayV border--border_s1 item--largeImg_border_s1\">\n<div class=\"banner-item\">\n<div class=\"img-box img-box--mobile\"><a class=\"image image-adapt adaptive_height\" title=\"THINKCAR\" role=\"link\" aria-disabled=\"true\"><img decoding=\"async\" class=\"ls-is-cached lazyloaded\" src=\"https:\/\/mythinkcar.com\/cdn\/shop\/files\/THINKDIAG_EXTENSION_CABLE_PC-1.jpg?v=1723101090&amp;width=3840\" sizes=\"100vw\" srcset=\"\/\/mythinkcar.com\/cdn\/shop\/files\/THINKDIAG_EXTENSION_CABLE_PC-1.jpg?v=1723101090&amp;width=375 375w, \/\/mythinkcar.com\/cdn\/shop\/files\/THINKDIAG_EXTENSION_CABLE_PC-1.jpg?v=1723101090&amp;width=550 550w, \/\/mythinkcar.com\/cdn\/shop\/files\/THINKDIAG_EXTENSION_CABLE_PC-1.jpg?v=1723101090&amp;width=750 750w, \/\/mythinkcar.com\/cdn\/shop\/files\/THINKDIAG_EXTENSION_CABLE_PC-1.jpg?v=1723101090&amp;width=1100 1100w, \/\/mythinkcar.com\/cdn\/shop\/files\/THINKDIAG_EXTENSION_CABLE_PC-1.jpg?v=1723101090&amp;width=1500 1500w, \/\/mythinkcar.com\/cdn\/shop\/files\/THINKDIAG_EXTENSION_CABLE_PC-1.jpg?v=1723101090&amp;width=1780 1780w, \/\/mythinkcar.com\/cdn\/shop\/files\/THINKDIAG_EXTENSION_CABLE_PC-1.jpg?v=1723101090&amp;width=2000 2000w, \/\/mythinkcar.com\/cdn\/shop\/files\/THINKDIAG_EXTENSION_CABLE_PC-1.jpg?v=1723101090&amp;width=3000 3000w, \/\/mythinkcar.com\/cdn\/shop\/files\/THINKDIAG_EXTENSION_CABLE_PC-1.jpg?v=1723101090&amp;width=3840 3840w\" alt=\"\" height=\"780\" \/><\/a><\/div>\n<\/div>\n<\/div>\n<\/div>\n<\/div>\n<\/div>\n<\/div>\n<\/div>\n<\/div>\n<div id=\"shopify-section-template--23341922877743__image_banner_tBc8mk\" class=\"shopify-section sections-image-banner-block\">\n<div id=\"halo-image-banner-template--23341922877743__image_banner_tBc8mk\" class=\"halo-block halo-banner image-banner style_bg--none is-load\" data-loader-script=\"\/\/mythinkcar.com\/cdn\/shop\/t\/59\/assets\/halo.image-banner-slide.js?v=123854488726055376771725011630\">\n<div class=\"container\">\n<div class=\"halo-block-content\">\n<div class=\"halo-banner-wrapper slideshow is-slide\">\n<div>\n<div class=\"item item--largeImg image-banner-item-large_img_JL6h8t border--border_s1 item--largeImg_border_s1\">\n<div class=\"banner-item\">\n<div class=\"img-box img-box--mobile\"><a class=\"image image-adapt adaptive_height\" title=\"THINKCAR\" role=\"link\" aria-disabled=\"true\"><img decoding=\"async\" class=\"ls-is-cached lazyloaded\" src=\"https:\/\/mythinkcar.com\/cdn\/shop\/files\/THINKCAR_extension_cable_2_476084cb-683a-4a6a-91f1-a31a8ade5a1f.jpg?v=1714668217&amp;width=3840\" sizes=\"100vw\" srcset=\"\/\/mythinkcar.com\/cdn\/shop\/files\/THINKCAR_extension_cable_2_476084cb-683a-4a6a-91f1-a31a8ade5a1f.jpg?v=1714668217&amp;width=375 375w, \/\/mythinkcar.com\/cdn\/shop\/files\/THINKCAR_extension_cable_2_476084cb-683a-4a6a-91f1-a31a8ade5a1f.jpg?v=1714668217&amp;width=550 550w, \/\/mythinkcar.com\/cdn\/shop\/files\/THINKCAR_extension_cable_2_476084cb-683a-4a6a-91f1-a31a8ade5a1f.jpg?v=1714668217&amp;width=750 750w, \/\/mythinkcar.com\/cdn\/shop\/files\/THINKCAR_extension_cable_2_476084cb-683a-4a6a-91f1-a31a8ade5a1f.jpg?v=1714668217&amp;width=1100 1100w, \/\/mythinkcar.com\/cdn\/shop\/files\/THINKCAR_extension_cable_2_476084cb-683a-4a6a-91f1-a31a8ade5a1f.jpg?v=1714668217&amp;width=1500 1500w, \/\/mythinkcar.com\/cdn\/shop\/files\/THINKCAR_extension_cable_2_476084cb-683a-4a6a-91f1-a31a8ade5a1f.jpg?v=1714668217&amp;width=1780 1780w, \/\/mythinkcar.com\/cdn\/shop\/files\/THINKCAR_extension_cable_2_476084cb-683a-4a6a-91f1-a31a8ade5a1f.jpg?v=1714668217&amp;width=2000 2000w, \/\/mythinkcar.com\/cdn\/shop\/files\/THINKCAR_extension_cable_2_476084cb-683a-4a6a-91f1-a31a8ade5a1f.jpg?v=1714668217&amp;width=3000 3000w, \/\/mythinkcar.com\/cdn\/shop\/files\/THINKCAR_extension_cable_2_476084cb-683a-4a6a-91f1-a31a8ade5a1f.jpg?v=1714668217&amp;width=3840 3840w\" alt=\"\" height=\"780\" \/><\/a><\/div>\n<\/div>\n<\/div>\n<\/div>\n<\/div>\n<\/div>\n<\/div>\n<\/div>\n<\/div>\n<div id=\"shopify-section-template--23341922877743__image_banner_DJzkdi\" class=\"shopify-section sections-image-banner-block\">\n<div id=\"halo-image-banner-template--23341922877743__image_banner_DJzkdi\" class=\"halo-block halo-banner image-banner style_bg--none is-load\" data-loader-script=\"\/\/mythinkcar.com\/cdn\/shop\/t\/59\/assets\/halo.image-banner-slide.js?v=123854488726055376771725011630\">\n<div class=\"container\">\n<div class=\"halo-block-content\">\n<div class=\"halo-banner-wrapper slideshow is-slide\">\n<div>\n<div class=\"item item--largeImg image-banner-item-large_img_XCWPg7 border--border_s1 item--largeImg_border_s1\">\n<div class=\"banner-item\">\n<div class=\"img-box img-box--mobile\"><a class=\"image image-adapt adaptive_height\" title=\"THINKCAR\" role=\"link\" aria-disabled=\"true\"><img decoding=\"async\" class=\"ls-is-cached lazyloaded\" src=\"https:\/\/mythinkcar.com\/cdn\/shop\/files\/THINKCAR_extension_cable_3_1d469379-7340-4ed2-8f31-f08c28efe03a.jpg?v=1714668217&amp;width=3840\" sizes=\"100vw\" srcset=\"\/\/mythinkcar.com\/cdn\/shop\/files\/THINKCAR_extension_cable_3_1d469379-7340-4ed2-8f31-f08c28efe03a.jpg?v=1714668217&amp;width=375 375w, \/\/mythinkcar.com\/cdn\/shop\/files\/THINKCAR_extension_cable_3_1d469379-7340-4ed2-8f31-f08c28efe03a.jpg?v=1714668217&amp;width=550 550w, \/\/mythinkcar.com\/cdn\/shop\/files\/THINKCAR_extension_cable_3_1d469379-7340-4ed2-8f31-f08c28efe03a.jpg?v=1714668217&amp;width=750 750w, \/\/mythinkcar.com\/cdn\/shop\/files\/THINKCAR_extension_cable_3_1d469379-7340-4ed2-8f31-f08c28efe03a.jpg?v=1714668217&amp;width=1100 1100w, \/\/mythinkcar.com\/cdn\/shop\/files\/THINKCAR_extension_cable_3_1d469379-7340-4ed2-8f31-f08c28efe03a.jpg?v=1714668217&amp;width=1500 1500w, \/\/mythinkcar.com\/cdn\/shop\/files\/THINKCAR_extension_cable_3_1d469379-7340-4ed2-8f31-f08c28efe03a.jpg?v=1714668217&amp;width=1780 1780w, \/\/mythinkcar.com\/cdn\/shop\/files\/THINKCAR_extension_cable_3_1d469379-7340-4ed2-8f31-f08c28efe03a.jpg?v=1714668217&amp;width=2000 2000w, \/\/mythinkcar.com\/cdn\/shop\/files\/THINKCAR_extension_cable_3_1d469379-7340-4ed2-8f31-f08c28efe03a.jpg?v=1714668217&amp;width=3000 3000w, \/\/mythinkcar.com\/cdn\/shop\/files\/THINKCAR_extension_cable_3_1d469379-7340-4ed2-8f31-f08c28efe03a.jpg?v=1714668217&amp;width=3840 3840w\" alt=\"\" height=\"780\" \/><\/a><\/div>\n<\/div>\n<\/div>\n<\/div>\n<\/div>\n<\/div>\n<\/div>\n<\/div>\n<\/div>\n<div id=\"shopify-section-template--23341922877743__image_banner_G7kJkW\" class=\"shopify-section sections-image-banner-block\">\n<div id=\"halo-image-banner-template--23341922877743__image_banner_G7kJkW\" class=\"halo-block halo-banner image-banner style_bg--none is-load\" data-loader-script=\"\/\/mythinkcar.com\/cdn\/shop\/t\/59\/assets\/halo.image-banner-slide.js?v=123854488726055376771725011630\">\n<div class=\"container\">\n<div class=\"halo-block-content\">\n<div class=\"halo-banner-wrapper slideshow is-slide\">\n<div>\n<div class=\"item item--largeImg image-banner-item-large_img_g78BFP border--border_s1 item--largeImg_border_s1\">\n<div class=\"banner-item\">\n<div class=\"img-box img-box--mobile\"><a class=\"image image-adapt adaptive_height\" title=\"THINKCAR\" role=\"link\" aria-disabled=\"true\"><img decoding=\"async\" class=\"ls-is-cached lazyloaded\" src=\"https:\/\/mythinkcar.com\/cdn\/shop\/files\/THINKCAR_extension_cable_4_69648204-5342-46c0-a7f2-b0b866c8a444.jpg?v=1714668217&amp;width=3840\" sizes=\"100vw\" srcset=\"\/\/mythinkcar.com\/cdn\/shop\/files\/THINKCAR_extension_cable_4_69648204-5342-46c0-a7f2-b0b866c8a444.jpg?v=1714668217&amp;width=375 375w, \/\/mythinkcar.com\/cdn\/shop\/files\/THINKCAR_extension_cable_4_69648204-5342-46c0-a7f2-b0b866c8a444.jpg?v=1714668217&amp;width=550 550w, \/\/mythinkcar.com\/cdn\/shop\/files\/THINKCAR_extension_cable_4_69648204-5342-46c0-a7f2-b0b866c8a444.jpg?v=1714668217&amp;width=750 750w, \/\/mythinkcar.com\/cdn\/shop\/files\/THINKCAR_extension_cable_4_69648204-5342-46c0-a7f2-b0b866c8a444.jpg?v=1714668217&amp;width=1100 1100w, \/\/mythinkcar.com\/cdn\/shop\/files\/THINKCAR_extension_cable_4_69648204-5342-46c0-a7f2-b0b866c8a444.jpg?v=1714668217&amp;width=1500 1500w, \/\/mythinkcar.com\/cdn\/shop\/files\/THINKCAR_extension_cable_4_69648204-5342-46c0-a7f2-b0b866c8a444.jpg?v=1714668217&amp;width=1780 1780w, \/\/mythinkcar.com\/cdn\/shop\/files\/THINKCAR_extension_cable_4_69648204-5342-46c0-a7f2-b0b866c8a444.jpg?v=1714668217&amp;width=2000 2000w, \/\/mythinkcar.com\/cdn\/shop\/files\/THINKCAR_extension_cable_4_69648204-5342-46c0-a7f2-b0b866c8a444.jpg?v=1714668217&amp;width=3000 3000w, \/\/mythinkcar.com\/cdn\/shop\/files\/THINKCAR_extension_cable_4_69648204-5342-46c0-a7f2-b0b866c8a444.jpg?v=1714668217&amp;width=3840 3840w\" alt=\"\" height=\"780\" \/><\/a><\/div>\n<\/div>\n<\/div>\n<\/div>\n<\/div>\n<\/div>\n<\/div>\n<\/div>\n<\/div>\n<div id=\"shopify-section-template--23341922877743__image_banner_NGhVkk\" class=\"shopify-section sections-image-banner-block\">\n<div id=\"halo-image-banner-template--23341922877743__image_banner_NGhVkk\" class=\"halo-block halo-banner image-banner style_bg--none is-load\" data-loader-script=\"\/\/mythinkcar.com\/cdn\/shop\/t\/59\/assets\/halo.image-banner-slide.js?v=123854488726055376771725011630\">\n<div class=\"container\">\n<div class=\"halo-block-content\">\n<div class=\"halo-banner-wrapper slideshow is-slide\">\n<div>\n<div class=\"item item--largeImg image-banner-item-large_img_wnXiqg border--border_s1 item--largeImg_border_s1\">\n<div class=\"banner-item\">\n<div class=\"img-box img-box--mobile\"><a class=\"image image-adapt adaptive_height\" title=\"THINKCAR\" role=\"link\" aria-disabled=\"true\"><img decoding=\"async\" class=\"lazyloaded\" src=\"https:\/\/mythinkcar.com\/cdn\/shop\/files\/THINKDIAG_EXTENSION_CABLE_2.jpg?v=1716373912&amp;width=3840\" sizes=\"100vw\" srcset=\"\/\/mythinkcar.com\/cdn\/shop\/files\/THINKDIAG_EXTENSION_CABLE_2.jpg?v=1716373912&amp;width=375 375w, \/\/mythinkcar.com\/cdn\/shop\/files\/THINKDIAG_EXTENSION_CABLE_2.jpg?v=1716373912&amp;width=550 550w, \/\/mythinkcar.com\/cdn\/shop\/files\/THINKDIAG_EXTENSION_CABLE_2.jpg?v=1716373912&amp;width=750 750w, \/\/mythinkcar.com\/cdn\/shop\/files\/THINKDIAG_EXTENSION_CABLE_2.jpg?v=1716373912&amp;width=1100 1100w, \/\/mythinkcar.com\/cdn\/shop\/files\/THINKDIAG_EXTENSION_CABLE_2.jpg?v=1716373912&amp;width=1500 1500w, \/\/mythinkcar.com\/cdn\/shop\/files\/THINKDIAG_EXTENSION_CABLE_2.jpg?v=1716373912&amp;width=1780 1780w, \/\/mythinkcar.com\/cdn\/shop\/files\/THINKDIAG_EXTENSION_CABLE_2.jpg?v=1716373912&amp;width=2000 2000w, \/\/mythinkcar.com\/cdn\/shop\/files\/THINKDIAG_EXTENSION_CABLE_2.jpg?v=1716373912&amp;width=3000 3000w, \/\/mythinkcar.com\/cdn\/shop\/files\/THINKDIAG_EXTENSION_CABLE_2.jpg?v=1716373912&amp;width=3840 3840w\" alt=\"\" height=\"780\" \/><\/a><\/div>\n<\/div>\n<\/div>\n<\/div>\n<\/div>\n<\/div>\n<\/div>\n<\/div>\n<\/div>","protected":false},"excerpt":{"rendered":"<ul>\n<li>Ilgis 60 cm, lankstesnis naudojimas<\/li>\n<li>Auk\u0161tos kokyb\u0117s varin\u0117 \u0161erdis, greitesnis ir stabilesnis perdavimas<\/li>\n<li>Ekologi\u0161kos TPE med\u017eiagos, stiprus atsparumas tempimui, ilgas tarnavimo laikas ir patvaresnis<\/li>\n<li>Palaikykite ry\u0161\u012f su visais OBD2 \u012frenginiais<\/li>\n<\/ul>","protected":false},"featured_media":10697,"template":"","meta":[],"product_brand":[318],"product_cat":[307,308],"product_tag":[],"class_list":{"0":"post-10695","1":"product","2":"type-product","3":"status-publish","4":"has-post-thumbnail","6":"product_brand-thinkcar","7":"product_cat-diagnostika","8":"product_cat-tarvikud","9":"ts_product_brand-brand-thinkcar","11":"first","12":"instock","13":"sale","14":"taxable","15":"shipping-taxable","16":"purchasable","17":"product-type-simple"},"yoast_head":"<!-- This site is optimized with the Yoast SEO plugin v26.7 - https:\/\/yoast.com\/wordpress\/plugins\/seo\/ -->\n<title>THINKDIAG PIKENDUSKAABEL - DriveLab<\/title>\n<meta name=\"robots\" content=\"index, follow, max-snippet:-1, max-image-preview:large, max-video-preview:-1\" \/>\n<link rel=\"canonical\" href=\"https:\/\/drivelab.ee\/lt\/product\/thinkdiag-pikenduskaabel\/\" \/>\n<meta property=\"og:locale\" content=\"lt_LT\" \/>\n<meta property=\"og:type\" content=\"article\" \/>\n<meta property=\"og:title\" content=\"THINKDIAG PIKENDUSKAABEL - DriveLab\" \/>\n<meta property=\"og:description\" content=\"Pikkus 60 cm, paindlikum kasutada  K\u00f5rgekvaliteediline vasktuumtraat, kiirem ja stabiilsem edastus  Keskkonnas\u00f5bralik TPE-materjal, tugev t\u00f5mbetakistus, pikem eluiga ja vastupidavam  Toetab \u00fchendamist k\u00f5igi OBD2-seadmetega\" \/>\n<meta property=\"og:url\" content=\"https:\/\/drivelab.ee\/lt\/product\/thinkdiag-pikenduskaabel\/\" \/>\n<meta property=\"og:site_name\" content=\"DriveLab\" \/>\n<meta property=\"article:modified_time\" content=\"2026-03-28T18:40:42+00:00\" \/>\n<meta property=\"og:image\" content=\"https:\/\/drivelab.ee\/wp-content\/uploads\/2025\/01\/thinkdiag-extension-cable_1.webp\" \/>\n\t<meta property=\"og:image:width\" content=\"600\" \/>\n\t<meta property=\"og:image:height\" content=\"600\" \/>\n\t<meta property=\"og:image:type\" content=\"image\/webp\" \/>\n<meta name=\"twitter:card\" content=\"summary_large_image\" \/>\n<meta name=\"twitter:label1\" content=\"Est. reading time\" \/>\n\t<meta name=\"twitter:data1\" content=\"2 minut\u0117s\" \/>\n<script type=\"application\/ld+json\" class=\"yoast-schema-graph\">{\"@context\":\"https:\/\/schema.org\",\"@graph\":[{\"@type\":\"WebPage\",\"@id\":\"https:\/\/drivelab.ee\/product\/thinkdiag-pikenduskaabel\/\",\"url\":\"https:\/\/drivelab.ee\/product\/thinkdiag-pikenduskaabel\/\",\"name\":\"THINKDIAG PIKENDUSKAABEL - DriveLab\",\"isPartOf\":{\"@id\":\"https:\/\/drivelab.ee\/#website\"},\"primaryImageOfPage\":{\"@id\":\"https:\/\/drivelab.ee\/product\/thinkdiag-pikenduskaabel\/#primaryimage\"},\"image\":{\"@id\":\"https:\/\/drivelab.ee\/product\/thinkdiag-pikenduskaabel\/#primaryimage\"},\"thumbnailUrl\":\"https:\/\/drivelab.ee\/wp-content\/uploads\/2025\/01\/thinkdiag-extension-cable_1.webp\",\"datePublished\":\"2025-01-19T11:20:45+00:00\",\"dateModified\":\"2026-03-28T18:40:42+00:00\",\"breadcrumb\":{\"@id\":\"https:\/\/drivelab.ee\/product\/thinkdiag-pikenduskaabel\/#breadcrumb\"},\"inLanguage\":\"lt-LT\",\"potentialAction\":[{\"@type\":\"ReadAction\",\"target\":[\"https:\/\/drivelab.ee\/product\/thinkdiag-pikenduskaabel\/\"]}]},{\"@type\":\"ImageObject\",\"inLanguage\":\"lt-LT\",\"@id\":\"https:\/\/drivelab.ee\/product\/thinkdiag-pikenduskaabel\/#primaryimage\",\"url\":\"https:\/\/drivelab.ee\/wp-content\/uploads\/2025\/01\/thinkdiag-extension-cable_1.webp\",\"contentUrl\":\"https:\/\/drivelab.ee\/wp-content\/uploads\/2025\/01\/thinkdiag-extension-cable_1.webp\",\"width\":600,\"height\":600},{\"@type\":\"BreadcrumbList\",\"@id\":\"https:\/\/drivelab.ee\/product\/thinkdiag-pikenduskaabel\/#breadcrumb\",\"itemListElement\":[{\"@type\":\"ListItem\",\"position\":1,\"name\":\"Home\",\"item\":\"https:\/\/drivelab.ee\/\"},{\"@type\":\"ListItem\",\"position\":2,\"name\":\"Pood\",\"item\":\"https:\/\/drivelab.ee\/shop\/\"},{\"@type\":\"ListItem\",\"position\":3,\"name\":\"THINKDIAG PIKENDUSKAABEL\"}]},{\"@type\":\"WebSite\",\"@id\":\"https:\/\/drivelab.ee\/#website\",\"url\":\"https:\/\/drivelab.ee\/\",\"name\":\"DriveLab.ee\",\"description\":\"\",\"publisher\":{\"@id\":\"https:\/\/drivelab.ee\/#organization\"},\"potentialAction\":[{\"@type\":\"SearchAction\",\"target\":{\"@type\":\"EntryPoint\",\"urlTemplate\":\"https:\/\/drivelab.ee\/?s={search_term_string}\"},\"query-input\":{\"@type\":\"PropertyValueSpecification\",\"valueRequired\":true,\"valueName\":\"search_term_string\"}}],\"inLanguage\":\"lt-LT\"},{\"@type\":\"Organization\",\"@id\":\"https:\/\/drivelab.ee\/#organization\",\"name\":\"DriveLab\",\"url\":\"https:\/\/drivelab.ee\/\",\"logo\":{\"@type\":\"ImageObject\",\"inLanguage\":\"lt-LT\",\"@id\":\"https:\/\/drivelab.ee\/#\/schema\/logo\/image\/\",\"url\":\"https:\/\/drivelab.ee\/wp-content\/uploads\/2025\/01\/test-logo-1.png\",\"contentUrl\":\"https:\/\/drivelab.ee\/wp-content\/uploads\/2025\/01\/test-logo-1.png\",\"width\":492,\"height\":95,\"caption\":\"DriveLab\"},\"image\":{\"@id\":\"https:\/\/drivelab.ee\/#\/schema\/logo\/image\/\"}}]}<\/script>\n<!-- \/ Yoast SEO plugin. -->","yoast_head_json":{"title":"THINKDIAG PIKENDUSKAABEL - DriveLab","robots":{"index":"index","follow":"follow","max-snippet":"max-snippet:-1","max-image-preview":"max-image-preview:large","max-video-preview":"max-video-preview:-1"},"canonical":"https:\/\/drivelab.ee\/lt\/product\/thinkdiag-pikenduskaabel\/","og_locale":"lt_LT","og_type":"article","og_title":"THINKDIAG PIKENDUSKAABEL - DriveLab","og_description":"Pikkus 60 cm, paindlikum kasutada  K\u00f5rgekvaliteediline vasktuumtraat, kiirem ja stabiilsem edastus  Keskkonnas\u00f5bralik TPE-materjal, tugev t\u00f5mbetakistus, pikem eluiga ja vastupidavam  Toetab \u00fchendamist k\u00f5igi OBD2-seadmetega","og_url":"https:\/\/drivelab.ee\/lt\/product\/thinkdiag-pikenduskaabel\/","og_site_name":"DriveLab","article_modified_time":"2026-03-28T18:40:42+00:00","og_image":[{"width":600,"height":600,"url":"https:\/\/drivelab.ee\/wp-content\/uploads\/2025\/01\/thinkdiag-extension-cable_1.webp","type":"image\/webp"}],"twitter_card":"summary_large_image","twitter_misc":{"Est. reading time":"2 minut\u0117s"},"schema":{"@context":"https:\/\/schema.org","@graph":[{"@type":"WebPage","@id":"https:\/\/drivelab.ee\/product\/thinkdiag-pikenduskaabel\/","url":"https:\/\/drivelab.ee\/product\/thinkdiag-pikenduskaabel\/","name":"THINKDIAG PIKENDUSKAABEL - DriveLab","isPartOf":{"@id":"https:\/\/drivelab.ee\/#website"},"primaryImageOfPage":{"@id":"https:\/\/drivelab.ee\/product\/thinkdiag-pikenduskaabel\/#primaryimage"},"image":{"@id":"https:\/\/drivelab.ee\/product\/thinkdiag-pikenduskaabel\/#primaryimage"},"thumbnailUrl":"https:\/\/drivelab.ee\/wp-content\/uploads\/2025\/01\/thinkdiag-extension-cable_1.webp","datePublished":"2025-01-19T11:20:45+00:00","dateModified":"2026-03-28T18:40:42+00:00","breadcrumb":{"@id":"https:\/\/drivelab.ee\/product\/thinkdiag-pikenduskaabel\/#breadcrumb"},"inLanguage":"lt-LT","potentialAction":[{"@type":"ReadAction","target":["https:\/\/drivelab.ee\/product\/thinkdiag-pikenduskaabel\/"]}]},{"@type":"ImageObject","inLanguage":"lt-LT","@id":"https:\/\/drivelab.ee\/product\/thinkdiag-pikenduskaabel\/#primaryimage","url":"https:\/\/drivelab.ee\/wp-content\/uploads\/2025\/01\/thinkdiag-extension-cable_1.webp","contentUrl":"https:\/\/drivelab.ee\/wp-content\/uploads\/2025\/01\/thinkdiag-extension-cable_1.webp","width":600,"height":600},{"@type":"BreadcrumbList","@id":"https:\/\/drivelab.ee\/product\/thinkdiag-pikenduskaabel\/#breadcrumb","itemListElement":[{"@type":"ListItem","position":1,"name":"Home","item":"https:\/\/drivelab.ee\/"},{"@type":"ListItem","position":2,"name":"Pood","item":"https:\/\/drivelab.ee\/shop\/"},{"@type":"ListItem","position":3,"name":"THINKDIAG PIKENDUSKAABEL"}]},{"@type":"WebSite","@id":"https:\/\/drivelab.ee\/#website","url":"https:\/\/drivelab.ee\/","name":"DriveLab.lt","description":"","publisher":{"@id":"https:\/\/drivelab.ee\/#organization"},"potentialAction":[{"@type":"SearchAction","target":{"@type":"EntryPoint","urlTemplate":"https:\/\/drivelab.ee\/?s={search_term_string}"},"query-input":{"@type":"PropertyValueSpecification","valueRequired":true,"valueName":"search_term_string"}}],"inLanguage":"lt-LT"},{"@type":"Organization","@id":"https:\/\/drivelab.ee\/#organization","name":"DriveLab","url":"https:\/\/drivelab.ee\/","logo":{"@type":"ImageObject","inLanguage":"lt-LT","@id":"https:\/\/drivelab.ee\/#\/schema\/logo\/image\/","url":"https:\/\/drivelab.ee\/wp-content\/uploads\/2025\/01\/test-logo-1.png","contentUrl":"https:\/\/drivelab.ee\/wp-content\/uploads\/2025\/01\/test-logo-1.png","width":492,"height":95,"caption":"DriveLab"},"image":{"@id":"https:\/\/drivelab.ee\/#\/schema\/logo\/image\/"}}]}},"jetpack_sharing_enabled":true,"_links":{"self":[{"href":"https:\/\/drivelab.ee\/lt\/wp-json\/wp\/v2\/product\/10695","targetHints":{"allow":["GET"]}}],"collection":[{"href":"https:\/\/drivelab.ee\/lt\/wp-json\/wp\/v2\/product"}],"about":[{"href":"https:\/\/drivelab.ee\/lt\/wp-json\/wp\/v2\/types\/product"}],"wp:featuredmedia":[{"embeddable":true,"href":"https:\/\/drivelab.ee\/lt\/wp-json\/wp\/v2\/media\/10697"}],"wp:attachment":[{"href":"https:\/\/drivelab.ee\/lt\/wp-json\/wp\/v2\/media?parent=10695"}],"wp:term":[{"taxonomy":"product_brand","embeddable":true,"href":"https:\/\/drivelab.ee\/lt\/wp-json\/wp\/v2\/product_brand?post=10695"},{"taxonomy":"product_cat","embeddable":true,"href":"https:\/\/drivelab.ee\/lt\/wp-json\/wp\/v2\/product_cat?post=10695"},{"taxonomy":"product_tag","embeddable":true,"href":"https:\/\/drivelab.ee\/lt\/wp-json\/wp\/v2\/product_tag?post=10695"}],"curies":[{"name":"wp","href":"https:\/\/api.w.org\/{rel}","templated":true}]}}