{"id":10809,"date":"2025-01-27T20:23:50","date_gmt":"2025-01-27T18:23:50","guid":{"rendered":"https:\/\/drivelab.ee\/?post_type=product&#038;p=10809"},"modified":"2025-08-09T18:49:25","modified_gmt":"2025-08-09T16:49:25","slug":"bmw-enet-esys-andmesidekaabel-f-seeria-kodeerimiseks","status":"publish","type":"product","link":"https:\/\/drivelab.ee\/lt\/product\/bmw-enet-esys-andmesidekaabel-f-seeria-kodeerimiseks\/","title":{"rendered":"BMW ENET ESYS duomen\u0173 perdavimo kabelis"},"content":{"rendered":"<p>BMW ENET ESYS kaabel v\u00f5imaldab F-, G- ja I-seeria BMW-de diagnostikat ja kodeerimist. Sobib kasutamiseks ISTA-D, E-Sys ja INPA tarkvaraga, pakkudes laia valikut funktsioone:<\/p>\n<ul>\n<li>\u00dcksikute moodulite programmeerimine ja peidetud funktsioonide aktiveerimine (nt automaatne lukustus, Start-Stop funktsiooni v\u00e4ljal\u00fclitamine).<\/li>\n<li>Mootori andmete kuvamine ja navigatsioonimen\u00fc\u00fc kasutamine ka s\u00f5idu ajal.<\/li>\n<li>Kliima- ja istefunktsioonide m\u00e4luseaded.<\/li>\n<li>PDC vertikaal- ja horisontaalkuva, digitaalne kiirusn\u00e4it ja muud mugavusfunktsioonid.<\/li>\n<\/ul>\n<p>Kaabel \u00fchildub k\u00f5igi BMW FXX mudelitega (2009+) ning paljude G-seeria ja I-seeria mudelitega, sealhulgas uued X3, X4, 3. seeria, 5. seeria ja 8. seeria autod. Kaasas tarkvara allalaadimislink.<\/p>\n<p><strong>Komplekti kuulub:<\/strong><\/p>\n<ul>\n<li>BMW ENET ESYS kaabel<\/li>\n<li>USB Flash Drive koos ISTA\/Rheingold tarkvaraga ja installeerimisjuhendiga<\/li>\n<\/ul>","protected":false},"excerpt":{"rendered":"<ul>\n<li>Koduoja ir aktyvina pasl\u0117ptas funkcijas (pvz., u\u017erakinimo garsas, DVD \u017ei\u016br\u0117jimas vairuojant, skaitmeninis grei\u010dio rodytuvas).<\/li>\n<li>Suderinamas su BMW F, G ir I serijos modeliais (2009+).<\/li>\n<li>Palaiko ISTA-D, E-Sys ir INPA programin\u0119 \u012frang\u0105; programin\u0117s \u012frangos nuoroda pridedama.<\/li>\n<\/ul>","protected":false},"featured_media":10810,"template":"","meta":[],"product_brand":[322],"product_cat":[307,308],"product_tag":[],"class_list":{"0":"post-10809","1":"product","2":"type-product","3":"status-publish","4":"has-post-thumbnail","6":"product_brand-bmw","7":"product_cat-diagnostika","8":"product_cat-tarvikud","10":"first","11":"outofstock","12":"sale","13":"taxable","14":"shipping-taxable","15":"purchasable","16":"product-type-simple"},"yoast_head":"<!-- This site is optimized with the Yoast SEO plugin v26.7 - https:\/\/yoast.com\/wordpress\/plugins\/seo\/ -->\n<title>BMW ENET ESYS andmesidekaabel - DriveLab<\/title>\n<meta name=\"description\" content=\"BMW ENET ESYS kaabel F-, G- ja I-seeria BMW autode kodeerimiseks ja diagnostikaks. Toetab peidetud funktsioonide aktiveerimist ning \u00fchildub ISTA-D, E-Sys ja INPA tarkvaraga.\" \/>\n<meta name=\"robots\" content=\"index, follow, max-snippet:-1, max-image-preview:large, max-video-preview:-1\" \/>\n<link rel=\"canonical\" href=\"https:\/\/drivelab.ee\/lt\/product\/bmw-enet-esys-andmesidekaabel-f-seeria-kodeerimiseks\/\" \/>\n<meta property=\"og:locale\" content=\"lt_LT\" \/>\n<meta property=\"og:type\" content=\"article\" \/>\n<meta property=\"og:title\" content=\"BMW ENET ESYS andmesidekaabel - DriveLab\" \/>\n<meta property=\"og:description\" content=\"BMW ENET ESYS kaabel F-, G- ja I-seeria BMW autode kodeerimiseks ja diagnostikaks. Toetab peidetud funktsioonide aktiveerimist ning \u00fchildub ISTA-D, E-Sys ja INPA tarkvaraga.\" \/>\n<meta property=\"og:url\" content=\"https:\/\/drivelab.ee\/lt\/product\/bmw-enet-esys-andmesidekaabel-f-seeria-kodeerimiseks\/\" \/>\n<meta property=\"og:site_name\" content=\"DriveLab\" \/>\n<meta property=\"article:modified_time\" content=\"2025-08-09T16:49:25+00:00\" \/>\n<meta property=\"og:image\" content=\"https:\/\/drivelab.ee\/wp-content\/uploads\/2025\/01\/6094394215.jpg\" \/>\n\t<meta property=\"og:image:width\" content=\"860\" \/>\n\t<meta property=\"og:image:height\" content=\"666\" \/>\n\t<meta property=\"og:image:type\" content=\"image\/jpeg\" \/>\n<meta name=\"twitter:card\" content=\"summary_large_image\" \/>\n<meta name=\"twitter:label1\" content=\"Est. reading time\" \/>\n\t<meta name=\"twitter:data1\" content=\"1 minut\u0117\" \/>\n<script type=\"application\/ld+json\" class=\"yoast-schema-graph\">{\"@context\":\"https:\/\/schema.org\",\"@graph\":[{\"@type\":\"WebPage\",\"@id\":\"https:\/\/drivelab.ee\/product\/bmw-enet-esys-andmesidekaabel-f-seeria-kodeerimiseks\/\",\"url\":\"https:\/\/drivelab.ee\/product\/bmw-enet-esys-andmesidekaabel-f-seeria-kodeerimiseks\/\",\"name\":\"BMW ENET ESYS andmesidekaabel - DriveLab\",\"isPartOf\":{\"@id\":\"https:\/\/drivelab.ee\/#website\"},\"primaryImageOfPage\":{\"@id\":\"https:\/\/drivelab.ee\/product\/bmw-enet-esys-andmesidekaabel-f-seeria-kodeerimiseks\/#primaryimage\"},\"image\":{\"@id\":\"https:\/\/drivelab.ee\/product\/bmw-enet-esys-andmesidekaabel-f-seeria-kodeerimiseks\/#primaryimage\"},\"thumbnailUrl\":\"https:\/\/drivelab.ee\/wp-content\/uploads\/2025\/01\/6094394215.jpg\",\"datePublished\":\"2025-01-27T18:23:50+00:00\",\"dateModified\":\"2025-08-09T16:49:25+00:00\",\"description\":\"BMW ENET ESYS kaabel F-, G- ja I-seeria BMW autode kodeerimiseks ja diagnostikaks. Toetab peidetud funktsioonide aktiveerimist ning \u00fchildub ISTA-D, E-Sys ja INPA tarkvaraga.\",\"breadcrumb\":{\"@id\":\"https:\/\/drivelab.ee\/product\/bmw-enet-esys-andmesidekaabel-f-seeria-kodeerimiseks\/#breadcrumb\"},\"inLanguage\":\"lt-LT\",\"potentialAction\":[{\"@type\":\"ReadAction\",\"target\":[\"https:\/\/drivelab.ee\/product\/bmw-enet-esys-andmesidekaabel-f-seeria-kodeerimiseks\/\"]}]},{\"@type\":\"ImageObject\",\"inLanguage\":\"lt-LT\",\"@id\":\"https:\/\/drivelab.ee\/product\/bmw-enet-esys-andmesidekaabel-f-seeria-kodeerimiseks\/#primaryimage\",\"url\":\"https:\/\/drivelab.ee\/wp-content\/uploads\/2025\/01\/6094394215.jpg\",\"contentUrl\":\"https:\/\/drivelab.ee\/wp-content\/uploads\/2025\/01\/6094394215.jpg\",\"width\":860,\"height\":666},{\"@type\":\"BreadcrumbList\",\"@id\":\"https:\/\/drivelab.ee\/product\/bmw-enet-esys-andmesidekaabel-f-seeria-kodeerimiseks\/#breadcrumb\",\"itemListElement\":[{\"@type\":\"ListItem\",\"position\":1,\"name\":\"Home\",\"item\":\"https:\/\/drivelab.ee\/\"},{\"@type\":\"ListItem\",\"position\":2,\"name\":\"Pood\",\"item\":\"https:\/\/drivelab.ee\/shop\/\"},{\"@type\":\"ListItem\",\"position\":3,\"name\":\"BMW ENET ESYS andmesidekaabel\"}]},{\"@type\":\"WebSite\",\"@id\":\"https:\/\/drivelab.ee\/#website\",\"url\":\"https:\/\/drivelab.ee\/\",\"name\":\"DriveLab.ee\",\"description\":\"\",\"publisher\":{\"@id\":\"https:\/\/drivelab.ee\/#organization\"},\"potentialAction\":[{\"@type\":\"SearchAction\",\"target\":{\"@type\":\"EntryPoint\",\"urlTemplate\":\"https:\/\/drivelab.ee\/?s={search_term_string}\"},\"query-input\":{\"@type\":\"PropertyValueSpecification\",\"valueRequired\":true,\"valueName\":\"search_term_string\"}}],\"inLanguage\":\"lt-LT\"},{\"@type\":\"Organization\",\"@id\":\"https:\/\/drivelab.ee\/#organization\",\"name\":\"DriveLab\",\"url\":\"https:\/\/drivelab.ee\/\",\"logo\":{\"@type\":\"ImageObject\",\"inLanguage\":\"lt-LT\",\"@id\":\"https:\/\/drivelab.ee\/#\/schema\/logo\/image\/\",\"url\":\"https:\/\/drivelab.ee\/wp-content\/uploads\/2025\/01\/test-logo-1.png\",\"contentUrl\":\"https:\/\/drivelab.ee\/wp-content\/uploads\/2025\/01\/test-logo-1.png\",\"width\":492,\"height\":95,\"caption\":\"DriveLab\"},\"image\":{\"@id\":\"https:\/\/drivelab.ee\/#\/schema\/logo\/image\/\"}}]}<\/script>\n<!-- \/ Yoast SEO plugin. -->","yoast_head_json":{"title":"BMW ENET ESYS andmesidekaabel - DriveLab","description":"BMW ENET ESYS kaabel F-, G- ja I-seeria BMW autode kodeerimiseks ja diagnostikaks. Toetab peidetud funktsioonide aktiveerimist ning \u00fchildub ISTA-D, E-Sys ja INPA tarkvaraga.","robots":{"index":"index","follow":"follow","max-snippet":"max-snippet:-1","max-image-preview":"max-image-preview:large","max-video-preview":"max-video-preview:-1"},"canonical":"https:\/\/drivelab.ee\/lt\/product\/bmw-enet-esys-andmesidekaabel-f-seeria-kodeerimiseks\/","og_locale":"lt_LT","og_type":"article","og_title":"BMW ENET ESYS andmesidekaabel - DriveLab","og_description":"BMW ENET ESYS kaabel F-, G- ja I-seeria BMW autode kodeerimiseks ja diagnostikaks. Toetab peidetud funktsioonide aktiveerimist ning \u00fchildub ISTA-D, E-Sys ja INPA tarkvaraga.","og_url":"https:\/\/drivelab.ee\/lt\/product\/bmw-enet-esys-andmesidekaabel-f-seeria-kodeerimiseks\/","og_site_name":"DriveLab","article_modified_time":"2025-08-09T16:49:25+00:00","og_image":[{"width":860,"height":666,"url":"https:\/\/drivelab.ee\/wp-content\/uploads\/2025\/01\/6094394215.jpg","type":"image\/jpeg"}],"twitter_card":"summary_large_image","twitter_misc":{"Est. reading time":"1 minut\u0117"},"schema":{"@context":"https:\/\/schema.org","@graph":[{"@type":"WebPage","@id":"https:\/\/drivelab.ee\/product\/bmw-enet-esys-andmesidekaabel-f-seeria-kodeerimiseks\/","url":"https:\/\/drivelab.ee\/product\/bmw-enet-esys-andmesidekaabel-f-seeria-kodeerimiseks\/","name":"BMW ENET ESYS andmesidekaabel - DriveLab","isPartOf":{"@id":"https:\/\/drivelab.ee\/#website"},"primaryImageOfPage":{"@id":"https:\/\/drivelab.ee\/product\/bmw-enet-esys-andmesidekaabel-f-seeria-kodeerimiseks\/#primaryimage"},"image":{"@id":"https:\/\/drivelab.ee\/product\/bmw-enet-esys-andmesidekaabel-f-seeria-kodeerimiseks\/#primaryimage"},"thumbnailUrl":"https:\/\/drivelab.ee\/wp-content\/uploads\/2025\/01\/6094394215.jpg","datePublished":"2025-01-27T18:23:50+00:00","dateModified":"2025-08-09T16:49:25+00:00","description":"BMW ENET ESYS kaabel F-, G- ja I-seeria BMW autode kodeerimiseks ja diagnostikaks. Toetab peidetud funktsioonide aktiveerimist ning \u00fchildub ISTA-D, E-Sys ja INPA tarkvaraga.","breadcrumb":{"@id":"https:\/\/drivelab.ee\/product\/bmw-enet-esys-andmesidekaabel-f-seeria-kodeerimiseks\/#breadcrumb"},"inLanguage":"lt-LT","potentialAction":[{"@type":"ReadAction","target":["https:\/\/drivelab.ee\/product\/bmw-enet-esys-andmesidekaabel-f-seeria-kodeerimiseks\/"]}]},{"@type":"ImageObject","inLanguage":"lt-LT","@id":"https:\/\/drivelab.ee\/product\/bmw-enet-esys-andmesidekaabel-f-seeria-kodeerimiseks\/#primaryimage","url":"https:\/\/drivelab.ee\/wp-content\/uploads\/2025\/01\/6094394215.jpg","contentUrl":"https:\/\/drivelab.ee\/wp-content\/uploads\/2025\/01\/6094394215.jpg","width":860,"height":666},{"@type":"BreadcrumbList","@id":"https:\/\/drivelab.ee\/product\/bmw-enet-esys-andmesidekaabel-f-seeria-kodeerimiseks\/#breadcrumb","itemListElement":[{"@type":"ListItem","position":1,"name":"Home","item":"https:\/\/drivelab.ee\/"},{"@type":"ListItem","position":2,"name":"Pood","item":"https:\/\/drivelab.ee\/shop\/"},{"@type":"ListItem","position":3,"name":"BMW ENET ESYS andmesidekaabel"}]},{"@type":"WebSite","@id":"https:\/\/drivelab.ee\/#website","url":"https:\/\/drivelab.ee\/","name":"DriveLab.lt","description":"","publisher":{"@id":"https:\/\/drivelab.ee\/#organization"},"potentialAction":[{"@type":"SearchAction","target":{"@type":"EntryPoint","urlTemplate":"https:\/\/drivelab.ee\/?s={search_term_string}"},"query-input":{"@type":"PropertyValueSpecification","valueRequired":true,"valueName":"search_term_string"}}],"inLanguage":"lt-LT"},{"@type":"Organization","@id":"https:\/\/drivelab.ee\/#organization","name":"DriveLab","url":"https:\/\/drivelab.ee\/","logo":{"@type":"ImageObject","inLanguage":"lt-LT","@id":"https:\/\/drivelab.ee\/#\/schema\/logo\/image\/","url":"https:\/\/drivelab.ee\/wp-content\/uploads\/2025\/01\/test-logo-1.png","contentUrl":"https:\/\/drivelab.ee\/wp-content\/uploads\/2025\/01\/test-logo-1.png","width":492,"height":95,"caption":"DriveLab"},"image":{"@id":"https:\/\/drivelab.ee\/#\/schema\/logo\/image\/"}}]}},"jetpack_sharing_enabled":true,"_links":{"self":[{"href":"https:\/\/drivelab.ee\/lt\/wp-json\/wp\/v2\/product\/10809","targetHints":{"allow":["GET"]}}],"collection":[{"href":"https:\/\/drivelab.ee\/lt\/wp-json\/wp\/v2\/product"}],"about":[{"href":"https:\/\/drivelab.ee\/lt\/wp-json\/wp\/v2\/types\/product"}],"wp:featuredmedia":[{"embeddable":true,"href":"https:\/\/drivelab.ee\/lt\/wp-json\/wp\/v2\/media\/10810"}],"wp:attachment":[{"href":"https:\/\/drivelab.ee\/lt\/wp-json\/wp\/v2\/media?parent=10809"}],"wp:term":[{"taxonomy":"product_brand","embeddable":true,"href":"https:\/\/drivelab.ee\/lt\/wp-json\/wp\/v2\/product_brand?post=10809"},{"taxonomy":"product_cat","embeddable":true,"href":"https:\/\/drivelab.ee\/lt\/wp-json\/wp\/v2\/product_cat?post=10809"},{"taxonomy":"product_tag","embeddable":true,"href":"https:\/\/drivelab.ee\/lt\/wp-json\/wp\/v2\/product_tag?post=10809"}],"curies":[{"name":"wp","href":"https:\/\/api.w.org\/{rel}","templated":true}]}}