{"id":11165,"date":"2026-03-29T19:21:59","date_gmt":"2026-03-29T17:21:59","guid":{"rendered":"https:\/\/drivelab.ee\/?post_type=product&#038;p=11165"},"modified":"2026-03-29T20:13:37","modified_gmt":"2026-03-29T18:13:37","slug":"mucar-bt200-max-ai-bluetooth-obd2-diagnostikaskanner","status":"publish","type":"product","link":"https:\/\/drivelab.ee\/lt\/product\/mucar-bt200-max-ai-bluetooth-obd2-diagnostikaskanner\/","title":{"rendered":"MUCAR BT200 MAX"},"content":{"rendered":"<div id=\"shopify-section-template--23341921698095__custom_text_block_Y7YwWU\" class=\"shopify-section sections-custom-text-block\">\n<div id=\"custom-text-template--23341921698095__custom_text_block_Y7YwWU\" class=\"custom-text-block section-block-template--23341921698095__custom_text_block_Y7YwWU\">\n<div class=\"custom-text--block\">\n<div class=\"container\">\n<div class=\"halo-block-header text-left\">\n<div id=\"shopify-section-template--26271977242927__rich_text_faM9Kg\" class=\"shopify-section sections-rich-text\">\n<div class=\"rich-text section-block-template--26271977242927__rich_text_faM9Kg\">\n<div class=\"container-1770\">\n<div class=\"rich-text__blocks text-left\">\n<p class=\"font-claude-response-body break-words whitespace-normal leading-[1.7]\">MUCAR BT200 MAX on kompaktne ja v\u00f5imas AI-toega Bluetooth OBD2 diagnostikaskanner, mis muudab sinu nutitelefoni v\u00f5i tahvelarvuti professionaalseks diagnostikat\u00f6\u00f6riistaks. See on m\u00f5eldud nii autoomanikele ja kodumeistritele kui ka professionaalsetele tehnikutele, pakkudes t\u00e4ielikku s\u00fcsteemidiagnostikat, kahesuunalist juhtimist ja tehisintellektil p\u00f5hinevat veaanal\u00fc\u00fcsi \u2013 k\u00f5ik \u00fches taskukohasesse seadmesse ilma igakuiste tellimustasudeta.<\/p>\n<p class=\"font-claude-response-body break-words whitespace-normal leading-[1.7]\"><strong>AI tehisintellektiga diagnostika<\/strong><\/p>\n<p class=\"font-claude-response-body break-words whitespace-normal leading-[1.7]\">MUCAR BT200 MAX on varustatud DeepSeek suurmudelil p\u00f5hineva DF-AI diagnostikas\u00fcsteemiga, mis anal\u00fc\u00fcsib veakoode automaatselt ja pakub samm-sammulisi remondisoovitusi. Sisesta lihtsalt s\u00f5iduki mudel ja veakood ning AI pakub algp\u00f5hjuse anal\u00fc\u00fcsi, mitmem\u00f5\u00f5tmelist remondijuhendust, komponentide testimise protseduure ja varuosade vahetuse otsustustuge. See muudab ka algaja kasutaja jaoks keeruka diagnostika arusaadavaks.<\/p>\n<p class=\"font-claude-response-body break-words whitespace-normal leading-[1.7]\"><strong>T\u00e4ielik s\u00fcsteemidiagnostika<\/strong><\/p>\n<p class=\"font-claude-response-body break-words whitespace-normal leading-[1.7]\">Seade teostab OE-taseme diagnostikat k\u00f5igile saadaolevatele juhtmoodulitele, sealhulgas mootor, k\u00e4igukast, ABS, SRS turvapadjad, TPMS rehvir\u00f5hus\u00fcsteem, BCM kerekontroller, SAS roolisensor, BMS akuhaldus, vedrustus, kliimaseade ja palju muud. Diagnostikafunktsioonid h\u00f5lmavad veakoodide lugemist ja kustutamist, reaalajas andmevoo kuvamist, k\u00fclmutatud kaadri anal\u00fc\u00fcsi ja ECU versiooniinfo lugemist. Toetab \u00fcle 120 automargi ja 98% turul olevatest s\u00f5idukitest (1996+).<\/p>\n<p class=\"font-claude-response-body break-words whitespace-normal leading-[1.7]\"><strong>Kahesuunaline juhtimine ja aktiivtestid<\/strong><\/p>\n<p class=\"font-claude-response-body break-words whitespace-normal leading-[1.7]\">\u00dcle 3000 kahesuunalise k\u00e4su v\u00f5imaldavad reaalajas testida ja juhtida s\u00f5iduki komponente otse nutitelefonist \u2013 kliimaseadme kompressor, radiaatoriventilaator, aknad, katuseluuk, pihustid, peeglid, tuled, EVAP s\u00fcsteem, ABS pump ja palju muud. See aitab probleeme lokaliseerida kuni 3 korda kiiremini, ilma s\u00f5iduki lahtiv\u00f5tmiseta.<\/p>\n<p class=\"font-claude-response-body break-words whitespace-normal leading-[1.7]\"><strong>15+ hooldusfunktsiooni<\/strong><\/p>\n<p class=\"font-claude-response-body break-words whitespace-normal leading-[1.7]\">Seade pakub 15+ hooldusfunktsiooni igap\u00e4evaseks kasutamiseks: \u00f5livahetuse l\u00e4htestamine, EPB piduripadja l\u00e4htestamine, roolisensori kalibreerimine (SAS), TPMS rehvir\u00f5hu l\u00e4htestamine, DPF regenereerimine, pihustite kodeerimine, akuhalduse (BMS) l\u00e4htestamine, ABS-i \u00f5hutamine, gaasiklapi kohandamine, IMMO v\u00f5tme sobitamine, EGR kohandamine, AFS tuledse l\u00e4htestamine, k\u00e4igukasti \u00f5ppimine, vedrustuse l\u00e4htestamine ja katuseluugi initsialiseerimine.<\/p>\n<p class=\"font-claude-response-body break-words whitespace-normal leading-[1.7]\"><strong>CAN FD protokolli tugi<\/strong><\/p>\n<p class=\"font-claude-response-body break-words whitespace-normal leading-[1.7]\">Seade toetab sisseehitatud CAN FD protokolli, mis on h\u00e4davajalik uuemate GM s\u00f5idukite (2020+) diagnoosimiseks. Lisaks toetab GM-LAN, Ford MS-CAN, ELM327 ja UDS protokolle, tagades laia \u00fchilduvuse nii Ameerika, Euroopa kui ka Aasia s\u00f5idukitega.<\/p>\n<p class=\"font-claude-response-body break-words whitespace-normal leading-[1.7]\"><strong>Bluetooth 5.2 traadita \u00fchendus<\/strong><\/p>\n<p class=\"font-claude-response-body break-words whitespace-normal leading-[1.7]\">Seade \u00fchendub nutitelefoni v\u00f5i tahvelarvutiga Bluetooth 5.2 kaudu, pakkudes kiiret ja stabiilset \u00fchendust. \u00dchildub nii Android (5.0+) kui ka iOS (13+) seadmetega l\u00e4bi tasuta DollarFix rakenduse. Toetab ka kolmanda osapoole rakendusi nagu Torque Pro, Car Scanner ja OBD Fusion.<\/p>\n<p class=\"font-claude-response-body break-words whitespace-normal leading-[1.7]\"><strong>Nutikas energiahaldus<\/strong><\/p>\n<p class=\"font-claude-response-body break-words whitespace-normal leading-[1.7]\">Seade toetab intelligentset unere\u017eiimi \u2013 kui s\u00f5iduk on v\u00e4lja l\u00fclitatud, l\u00e4heb skanner automaatselt unere\u017eiimi, et mitte t\u00fchjendada s\u00f5iduki akut. Lisaks on sisseehitatud \u00fclepingekaitse (OVP) seadme kaitsmiseks.<\/p>\n<p class=\"font-claude-response-body break-words whitespace-normal leading-[1.7]\"><strong>AutoVIN ja diagnostikaaruandlus<\/strong><\/p>\n<p class=\"font-claude-response-body break-words whitespace-normal leading-[1.7]\">Automaatne s\u00f5iduki tuvastamine VIN-koodi j\u00e4rgi, diagnostikaaruannete genereerimine ja jagamine. Kohandatav armatuurlaud v\u00f5imaldab j\u00e4lgida soovitud parameetreid s\u00f5idu ajal koos hoiatustega liigse kiiruse ja k\u00f5rge jahutusvedeliku temperatuuri korral.<\/p>\n<p class=\"font-claude-response-body break-words whitespace-normal leading-[1.7]\"><strong>Eluaegsed tasuta uuendused<\/strong><\/p>\n<p class=\"font-claude-response-body break-words whitespace-normal leading-[1.7]\">K\u00f5ik tarkvarauuendused on eluaegselt tasuta \u2013 uued s\u00f5idukimudelid, funktsioonid ja veaparandused ilma igakuiste tellimustasudeta. Uuendused ilmuvad iga 30 p\u00e4eva tagant.<\/p>\n<p class=\"font-claude-response-body break-words whitespace-normal leading-[1.7]\"><strong>Lai s\u00f5idukite katvus ja keeletugi<\/strong><\/p>\n<p class=\"font-claude-response-body break-words whitespace-normal leading-[1.7]\">\u00dchildub \u00fcle 120 automargi ja 98%+ turul olevatest s\u00f5idukitest: Ameerika autod (1996+), Euroopa autod (2000+) ja Aasia autod (2008+). DollarFix rakendus toetab 22 keelt. Seade on m\u00f5eldud ainult 12V s\u00f5idukitele \u2013 ei toeta 24V raskeveokeid.<\/p>\n<\/div>\n<\/div>\n<\/div>\n<\/div>\n<\/div>\n<\/div>\n<\/div>\n<\/div>\n<\/div>\n","protected":false},"excerpt":{"rendered":"<ul>\n<li class=\"whitespace-normal break-words pl-2\">Tapso savivaldos eksperte: DI dirbtinis intelektas pad\u0117s jums atlikti diagnostik\u0105 ir remont\u0105<\/li>\n<li class=\"whitespace-normal break-words pl-2\">Naudokit\u0117s viso gyvenimo nemokamais atnaujinimais \u2013 kiekvien\u0105 m\u0117nes\u012f pridedamos naujausi\u0173 automobili\u0173 modeli\u0173 suderinamumo.<\/li>\n<li class=\"whitespace-normal break-words pl-2\">Dvi\u0161alis valdymas ir aktyv\u016bs testai<\/li>\n<li class=\"whitespace-normal break-words pl-2\">CAN FD protokolas ir universalus ELM327 standartas pla\u010diam suderinamumui<\/li>\n<li class=\"whitespace-normal break-words pl-2\">15+ svarbi\u0173 prie\u017ei\u016bros funkcij\u0173 (pvz., alyvos keitimo nustatymas i\u0161 naujo, SAS, BMS, TPMS, EPB), taupan\u010di\u0173 vizitus \u012f atstovybes<\/li>\n<li class=\"whitespace-normal break-words pl-2\">Pilnas sistemos diagnostika skenuoja varikl\u012f, pavar\u0173 d\u0117\u017e\u0119, ABS, oro pagalves ir daug daugiau \u2013 ne tik j\u0117gos agregato gedim\u0173 kodus<\/li>\n<li class=\"whitespace-normal break-words pl-2\">Pa\u017eangus miego re\u017eimas u\u017etikrina nulin\u012f akumuliatoriaus i\u0161eikvojim\u0105 net ir nuolat prijungtam. Saugu ir patogu<\/li>\n<\/ul>","protected":false},"featured_media":11166,"template":"","meta":[],"product_brand":[325],"product_cat":[307,299],"product_tag":[300],"class_list":{"0":"post-11165","1":"product","2":"type-product","3":"status-publish","4":"has-post-thumbnail","6":"product_brand-mucar","7":"product_cat-diagnostika","8":"product_cat-diagnostikaseadmed","9":"product_tag-diagnostika","11":"first","12":"instock","13":"sale","14":"taxable","15":"shipping-taxable","16":"purchasable","17":"product-type-simple"},"yoast_head":"<!-- This site is optimized with the Yoast SEO plugin v26.7 - https:\/\/yoast.com\/wordpress\/plugins\/seo\/ -->\n<title>MUCAR BT200 MAX AI Bluetooth OBD2 Diagnostikaskanne - DriveLab<\/title>\n<meta name=\"description\" content=\"MUCAR BT200 MAX \u2013 kompaktne AI-toega Bluetooth 5.2 OBD2 skanner iOS ja Android seadmetele. T\u00e4ielik s\u00fcsteemidiagnostika, kahesuunaline juhtimine, 15+ hooldusfunktsiooni, CAN FD tugi ja DeepSeek AI diagnostika. 120+ marki. Eluaegsed tasuta uuendused, ilma tellimustasuta.\" \/>\n<meta name=\"robots\" content=\"index, follow, max-snippet:-1, max-image-preview:large, max-video-preview:-1\" \/>\n<link rel=\"canonical\" href=\"https:\/\/drivelab.ee\/lt\/product\/mucar-bt200-max-ai-bluetooth-obd2-diagnostikaskanner\/\" \/>\n<meta property=\"og:locale\" content=\"lt_LT\" \/>\n<meta property=\"og:type\" content=\"article\" \/>\n<meta property=\"og:title\" content=\"MUCAR BT200 MAX AI Bluetooth OBD2 Diagnostikaskanne - DriveLab\" \/>\n<meta property=\"og:description\" content=\"MUCAR BT200 MAX \u2013 kompaktne AI-toega Bluetooth 5.2 OBD2 skanner iOS ja Android seadmetele. T\u00e4ielik s\u00fcsteemidiagnostika, kahesuunaline juhtimine, 15+ hooldusfunktsiooni, CAN FD tugi ja DeepSeek AI diagnostika. 120+ marki. Eluaegsed tasuta uuendused, ilma tellimustasuta.\" \/>\n<meta property=\"og:url\" content=\"https:\/\/drivelab.ee\/lt\/product\/mucar-bt200-max-ai-bluetooth-obd2-diagnostikaskanner\/\" \/>\n<meta property=\"og:site_name\" content=\"DriveLab\" \/>\n<meta property=\"article:modified_time\" content=\"2026-03-29T18:13:37+00:00\" \/>\n<meta property=\"og:image\" content=\"https:\/\/drivelab.ee\/wp-content\/uploads\/2026\/03\/BT200MAX-EN-_1_1ed3fda1-f022-4175-98c3-3e9ab0cbc17b.webp\" \/>\n\t<meta property=\"og:image:width\" content=\"1200\" \/>\n\t<meta property=\"og:image:height\" content=\"1200\" \/>\n\t<meta property=\"og:image:type\" content=\"image\/webp\" \/>\n<meta name=\"twitter:card\" content=\"summary_large_image\" \/>\n<meta name=\"twitter:label1\" content=\"Est. reading time\" \/>\n\t<meta name=\"twitter:data1\" content=\"3 minut\u0117s\" \/>\n<script type=\"application\/ld+json\" class=\"yoast-schema-graph\">{\"@context\":\"https:\/\/schema.org\",\"@graph\":[{\"@type\":\"WebPage\",\"@id\":\"https:\/\/drivelab.ee\/product\/mucar-bt200-max-ai-bluetooth-obd2-diagnostikaskanner\/\",\"url\":\"https:\/\/drivelab.ee\/product\/mucar-bt200-max-ai-bluetooth-obd2-diagnostikaskanner\/\",\"name\":\"MUCAR BT200 MAX AI Bluetooth OBD2 Diagnostikaskanne - DriveLab\",\"isPartOf\":{\"@id\":\"https:\/\/drivelab.ee\/#website\"},\"primaryImageOfPage\":{\"@id\":\"https:\/\/drivelab.ee\/product\/mucar-bt200-max-ai-bluetooth-obd2-diagnostikaskanner\/#primaryimage\"},\"image\":{\"@id\":\"https:\/\/drivelab.ee\/product\/mucar-bt200-max-ai-bluetooth-obd2-diagnostikaskanner\/#primaryimage\"},\"thumbnailUrl\":\"https:\/\/drivelab.ee\/wp-content\/uploads\/2026\/03\/BT200MAX-EN-_1_1ed3fda1-f022-4175-98c3-3e9ab0cbc17b.webp\",\"datePublished\":\"2026-03-29T17:21:59+00:00\",\"dateModified\":\"2026-03-29T18:13:37+00:00\",\"description\":\"MUCAR BT200 MAX \u2013 kompaktne AI-toega Bluetooth 5.2 OBD2 skanner iOS ja Android seadmetele. T\u00e4ielik s\u00fcsteemidiagnostika, kahesuunaline juhtimine, 15+ hooldusfunktsiooni, CAN FD tugi ja DeepSeek AI diagnostika. 120+ marki. Eluaegsed tasuta uuendused, ilma tellimustasuta.\",\"breadcrumb\":{\"@id\":\"https:\/\/drivelab.ee\/product\/mucar-bt200-max-ai-bluetooth-obd2-diagnostikaskanner\/#breadcrumb\"},\"inLanguage\":\"lt-LT\",\"potentialAction\":[{\"@type\":\"ReadAction\",\"target\":[\"https:\/\/drivelab.ee\/product\/mucar-bt200-max-ai-bluetooth-obd2-diagnostikaskanner\/\"]}]},{\"@type\":\"ImageObject\",\"inLanguage\":\"lt-LT\",\"@id\":\"https:\/\/drivelab.ee\/product\/mucar-bt200-max-ai-bluetooth-obd2-diagnostikaskanner\/#primaryimage\",\"url\":\"https:\/\/drivelab.ee\/wp-content\/uploads\/2026\/03\/BT200MAX-EN-_1_1ed3fda1-f022-4175-98c3-3e9ab0cbc17b.webp\",\"contentUrl\":\"https:\/\/drivelab.ee\/wp-content\/uploads\/2026\/03\/BT200MAX-EN-_1_1ed3fda1-f022-4175-98c3-3e9ab0cbc17b.webp\",\"width\":1200,\"height\":1200},{\"@type\":\"BreadcrumbList\",\"@id\":\"https:\/\/drivelab.ee\/product\/mucar-bt200-max-ai-bluetooth-obd2-diagnostikaskanner\/#breadcrumb\",\"itemListElement\":[{\"@type\":\"ListItem\",\"position\":1,\"name\":\"Home\",\"item\":\"https:\/\/drivelab.ee\/\"},{\"@type\":\"ListItem\",\"position\":2,\"name\":\"Pood\",\"item\":\"https:\/\/drivelab.ee\/shop\/\"},{\"@type\":\"ListItem\",\"position\":3,\"name\":\"MUCAR BT200 MAX\"}]},{\"@type\":\"WebSite\",\"@id\":\"https:\/\/drivelab.ee\/#website\",\"url\":\"https:\/\/drivelab.ee\/\",\"name\":\"DriveLab.ee\",\"description\":\"\",\"publisher\":{\"@id\":\"https:\/\/drivelab.ee\/#organization\"},\"potentialAction\":[{\"@type\":\"SearchAction\",\"target\":{\"@type\":\"EntryPoint\",\"urlTemplate\":\"https:\/\/drivelab.ee\/?s={search_term_string}\"},\"query-input\":{\"@type\":\"PropertyValueSpecification\",\"valueRequired\":true,\"valueName\":\"search_term_string\"}}],\"inLanguage\":\"lt-LT\"},{\"@type\":\"Organization\",\"@id\":\"https:\/\/drivelab.ee\/#organization\",\"name\":\"DriveLab\",\"url\":\"https:\/\/drivelab.ee\/\",\"logo\":{\"@type\":\"ImageObject\",\"inLanguage\":\"lt-LT\",\"@id\":\"https:\/\/drivelab.ee\/#\/schema\/logo\/image\/\",\"url\":\"https:\/\/drivelab.ee\/wp-content\/uploads\/2025\/01\/test-logo-1.png\",\"contentUrl\":\"https:\/\/drivelab.ee\/wp-content\/uploads\/2025\/01\/test-logo-1.png\",\"width\":492,\"height\":95,\"caption\":\"DriveLab\"},\"image\":{\"@id\":\"https:\/\/drivelab.ee\/#\/schema\/logo\/image\/\"}}]}<\/script>\n<!-- \/ Yoast SEO plugin. -->","yoast_head_json":{"title":"MUCAR BT200 MAX AI Bluetooth OBD2 Diagnostikaskanne - DriveLab","description":"MUCAR BT200 MAX \u2013 kompaktne AI-toega Bluetooth 5.2 OBD2 skanner iOS ja Android seadmetele. T\u00e4ielik s\u00fcsteemidiagnostika, kahesuunaline juhtimine, 15+ hooldusfunktsiooni, CAN FD tugi ja DeepSeek AI diagnostika. 120+ marki. Eluaegsed tasuta uuendused, ilma tellimustasuta.","robots":{"index":"index","follow":"follow","max-snippet":"max-snippet:-1","max-image-preview":"max-image-preview:large","max-video-preview":"max-video-preview:-1"},"canonical":"https:\/\/drivelab.ee\/lt\/product\/mucar-bt200-max-ai-bluetooth-obd2-diagnostikaskanner\/","og_locale":"lt_LT","og_type":"article","og_title":"MUCAR BT200 MAX AI Bluetooth OBD2 Diagnostikaskanne - DriveLab","og_description":"MUCAR BT200 MAX \u2013 kompaktne AI-toega Bluetooth 5.2 OBD2 skanner iOS ja Android seadmetele. T\u00e4ielik s\u00fcsteemidiagnostika, kahesuunaline juhtimine, 15+ hooldusfunktsiooni, CAN FD tugi ja DeepSeek AI diagnostika. 120+ marki. Eluaegsed tasuta uuendused, ilma tellimustasuta.","og_url":"https:\/\/drivelab.ee\/lt\/product\/mucar-bt200-max-ai-bluetooth-obd2-diagnostikaskanner\/","og_site_name":"DriveLab","article_modified_time":"2026-03-29T18:13:37+00:00","og_image":[{"width":1200,"height":1200,"url":"https:\/\/drivelab.ee\/wp-content\/uploads\/2026\/03\/BT200MAX-EN-_1_1ed3fda1-f022-4175-98c3-3e9ab0cbc17b.webp","type":"image\/webp"}],"twitter_card":"summary_large_image","twitter_misc":{"Est. reading time":"3 minut\u0117s"},"schema":{"@context":"https:\/\/schema.org","@graph":[{"@type":"WebPage","@id":"https:\/\/drivelab.ee\/product\/mucar-bt200-max-ai-bluetooth-obd2-diagnostikaskanner\/","url":"https:\/\/drivelab.ee\/product\/mucar-bt200-max-ai-bluetooth-obd2-diagnostikaskanner\/","name":"MUCAR BT200 MAX AI Bluetooth OBD2 Diagnostikaskanne - DriveLab","isPartOf":{"@id":"https:\/\/drivelab.ee\/#website"},"primaryImageOfPage":{"@id":"https:\/\/drivelab.ee\/product\/mucar-bt200-max-ai-bluetooth-obd2-diagnostikaskanner\/#primaryimage"},"image":{"@id":"https:\/\/drivelab.ee\/product\/mucar-bt200-max-ai-bluetooth-obd2-diagnostikaskanner\/#primaryimage"},"thumbnailUrl":"https:\/\/drivelab.ee\/wp-content\/uploads\/2026\/03\/BT200MAX-EN-_1_1ed3fda1-f022-4175-98c3-3e9ab0cbc17b.webp","datePublished":"2026-03-29T17:21:59+00:00","dateModified":"2026-03-29T18:13:37+00:00","description":"MUCAR BT200 MAX \u2013 kompaktne AI-toega Bluetooth 5.2 OBD2 skanner iOS ja Android seadmetele. T\u00e4ielik s\u00fcsteemidiagnostika, kahesuunaline juhtimine, 15+ hooldusfunktsiooni, CAN FD tugi ja DeepSeek AI diagnostika. 120+ marki. Eluaegsed tasuta uuendused, ilma tellimustasuta.","breadcrumb":{"@id":"https:\/\/drivelab.ee\/product\/mucar-bt200-max-ai-bluetooth-obd2-diagnostikaskanner\/#breadcrumb"},"inLanguage":"lt-LT","potentialAction":[{"@type":"ReadAction","target":["https:\/\/drivelab.ee\/product\/mucar-bt200-max-ai-bluetooth-obd2-diagnostikaskanner\/"]}]},{"@type":"ImageObject","inLanguage":"lt-LT","@id":"https:\/\/drivelab.ee\/product\/mucar-bt200-max-ai-bluetooth-obd2-diagnostikaskanner\/#primaryimage","url":"https:\/\/drivelab.ee\/wp-content\/uploads\/2026\/03\/BT200MAX-EN-_1_1ed3fda1-f022-4175-98c3-3e9ab0cbc17b.webp","contentUrl":"https:\/\/drivelab.ee\/wp-content\/uploads\/2026\/03\/BT200MAX-EN-_1_1ed3fda1-f022-4175-98c3-3e9ab0cbc17b.webp","width":1200,"height":1200},{"@type":"BreadcrumbList","@id":"https:\/\/drivelab.ee\/product\/mucar-bt200-max-ai-bluetooth-obd2-diagnostikaskanner\/#breadcrumb","itemListElement":[{"@type":"ListItem","position":1,"name":"Home","item":"https:\/\/drivelab.ee\/"},{"@type":"ListItem","position":2,"name":"Pood","item":"https:\/\/drivelab.ee\/shop\/"},{"@type":"ListItem","position":3,"name":"MUCAR BT200 MAX"}]},{"@type":"WebSite","@id":"https:\/\/drivelab.ee\/#website","url":"https:\/\/drivelab.ee\/","name":"DriveLab.lt","description":"","publisher":{"@id":"https:\/\/drivelab.ee\/#organization"},"potentialAction":[{"@type":"SearchAction","target":{"@type":"EntryPoint","urlTemplate":"https:\/\/drivelab.ee\/?s={search_term_string}"},"query-input":{"@type":"PropertyValueSpecification","valueRequired":true,"valueName":"search_term_string"}}],"inLanguage":"lt-LT"},{"@type":"Organization","@id":"https:\/\/drivelab.ee\/#organization","name":"DriveLab","url":"https:\/\/drivelab.ee\/","logo":{"@type":"ImageObject","inLanguage":"lt-LT","@id":"https:\/\/drivelab.ee\/#\/schema\/logo\/image\/","url":"https:\/\/drivelab.ee\/wp-content\/uploads\/2025\/01\/test-logo-1.png","contentUrl":"https:\/\/drivelab.ee\/wp-content\/uploads\/2025\/01\/test-logo-1.png","width":492,"height":95,"caption":"DriveLab"},"image":{"@id":"https:\/\/drivelab.ee\/#\/schema\/logo\/image\/"}}]}},"jetpack_sharing_enabled":true,"_links":{"self":[{"href":"https:\/\/drivelab.ee\/lt\/wp-json\/wp\/v2\/product\/11165","targetHints":{"allow":["GET"]}}],"collection":[{"href":"https:\/\/drivelab.ee\/lt\/wp-json\/wp\/v2\/product"}],"about":[{"href":"https:\/\/drivelab.ee\/lt\/wp-json\/wp\/v2\/types\/product"}],"wp:featuredmedia":[{"embeddable":true,"href":"https:\/\/drivelab.ee\/lt\/wp-json\/wp\/v2\/media\/11166"}],"wp:attachment":[{"href":"https:\/\/drivelab.ee\/lt\/wp-json\/wp\/v2\/media?parent=11165"}],"wp:term":[{"taxonomy":"product_brand","embeddable":true,"href":"https:\/\/drivelab.ee\/lt\/wp-json\/wp\/v2\/product_brand?post=11165"},{"taxonomy":"product_cat","embeddable":true,"href":"https:\/\/drivelab.ee\/lt\/wp-json\/wp\/v2\/product_cat?post=11165"},{"taxonomy":"product_tag","embeddable":true,"href":"https:\/\/drivelab.ee\/lt\/wp-json\/wp\/v2\/product_tag?post=11165"}],"curies":[{"name":"wp","href":"https:\/\/api.w.org\/{rel}","templated":true}]}}