{"id":10,"date":"2025-01-07T21:53:24","date_gmt":"2025-01-07T19:53:24","guid":{"rendered":"https:\/\/drivelab.ee\/?page_id=10"},"modified":"2025-01-07T21:53:24","modified_gmt":"2025-01-07T19:53:24","slug":"refund_returns","status":"publish","type":"page","link":"https:\/\/drivelab.ee\/lv\/refund_returns\/","title":{"rendered":"Pre\u010du atgrie\u0161ana"},"content":{"rendered":"\n<p>Kurama Management O\u00dc (registrikood 16970522)<\/p>\n\n\n\n<p>Enne kauba tagastamist tutvuge meie m\u00fc\u00fcgitingimuste \u201cTaganemis\u00f5igus\u201d l\u00f5iguga ning veenduge, et kaup on tagastamis k\u00f5lbulik.<\/p>\n\n\n\n<ul class=\"wp-block-list\">\n<li>T\u00e4itke tagastusvorm.<\/li>\n\n\n\n<li>Saatke t\u00e4idetud tagastusvorm meie e-postile\u00a0<a>info@drivelab.ee<\/a>.<\/li>\n\n\n\n<li>Oodake juhiseid.<\/li>\n<\/ul>\n\n\n\n<hr class=\"wp-block-separator has-alpha-channel-opacity\"\/>\n\n\n\n<p><strong>Tagastusvormi n\u00e4idis<\/strong><\/p>\n\n\n\n<p><strong>Saaja:<\/strong>\u00a0<a>info@drivelab.ee<\/a><br><strong>Saatja:<\/strong>\u00a0[Teie e-posti aadress]<\/p>\n\n\n\n<p><strong>Teema:<\/strong>&nbsp;Toote tagastamise taotlus<\/p>\n\n\n\n<p>Lugupeetud Kurama Management O\u00dc,<\/p>\n\n\n\n<p>Soovin teatada toote tagastamisest vastavalt teie ettev\u00f5tte tagastamispoliitikale. Palun vaadake allpool toote tagastamise \u00fcksikasjad:<\/p>\n\n\n\n<ul class=\"wp-block-list\">\n<li><strong>Tellimuse number:<\/strong>\u00a0[Sisestage tellimuse number]<\/li>\n\n\n\n<li><strong>Toote nimetus:<\/strong>\u00a0[Sisestage toote nimetus]<\/li>\n\n\n\n<li><strong>Ostu kuup\u00e4ev:<\/strong>\u00a0[Sisestage ostu kuup\u00e4ev]<\/li>\n\n\n\n<li><strong>Tagastamise p\u00f5hjus:<\/strong>\u00a0[Selgitage l\u00fchidalt tagastamise p\u00f5hjust, n\u00e4iteks defektne, vale toode, meele muutus jne]<\/li>\n<\/ul>\n\n\n\n<p>Olen lugenud teie tagastamispoliitikat ja veendunud, et olen \u00f5igustatud toodet tagastama vastavalt selle tingimustele.<\/p>\n\n\n\n<p>Palun saatke mulle juhised j\u00e4rgmiste sammude kohta toote tagastamiseks ja tagasimakse saamiseks.<\/p>\n\n\n\n<p>T\u00e4name teid abi eest ning ootame teie kiiret vastust.<\/p>\n\n\n\n<p>Parimate soovidega,<br>[Teie nimi] [Teie kontaktandmed]<\/p>\n","protected":false},"excerpt":{"rendered":"<p>Kurama Management O\u00dc (registrikood 16970522) Enne kauba tagastamist tutvuge meie m\u00fc\u00fcgitingimuste \u201cTaganemis\u00f5igus\u201d l\u00f5iguga ning veenduge, et kaup on tagastamis k\u00f5lbulik. Tagastusvormi n\u00e4idis Saaja:\u00a0info@drivelab.eeSaatja:\u00a0[Teie e-posti aadress] Teema:&nbsp;Toote tagastamise taotlus Lugupeetud Kurama Management O\u00dc, Soovin teatada toote tagastamisest vastavalt teie ettev\u00f5tte tagastamispoliitikale. Palun vaadake allpool toote tagastamise \u00fcksikasjad: Olen lugenud teie tagastamispoliitikat ja veendunud, et olen \u00f5igustatud [&hellip;]<\/p>\n","protected":false},"author":1,"featured_media":0,"parent":0,"menu_order":0,"comment_status":"closed","ping_status":"closed","template":"","meta":{"footnotes":""},"class_list":["post-10","page","type-page","status-publish","hentry"],"yoast_head":"<!-- This site is optimized with the Yoast SEO plugin v26.7 - https:\/\/yoast.com\/wordpress\/plugins\/seo\/ -->\n<title>Kauba tagastus - DriveLab<\/title>\n<meta name=\"robots\" content=\"index, follow, max-snippet:-1, max-image-preview:large, max-video-preview:-1\" \/>\n<link rel=\"canonical\" href=\"https:\/\/drivelab.ee\/lv\/refund_returns\/\" \/>\n<meta property=\"og:locale\" content=\"lv_LV\" \/>\n<meta property=\"og:type\" content=\"article\" \/>\n<meta property=\"og:title\" content=\"Kauba tagastus - DriveLab\" \/>\n<meta property=\"og:description\" content=\"Kurama Management O\u00dc (registrikood 16970522) Enne kauba tagastamist tutvuge meie m\u00fc\u00fcgitingimuste \u201cTaganemis\u00f5igus\u201d l\u00f5iguga ning veenduge, et kaup on tagastamis k\u00f5lbulik. Tagastusvormi n\u00e4idis Saaja:\u00a0info@drivelab.eeSaatja:\u00a0[Teie e-posti aadress] Teema:&nbsp;Toote tagastamise taotlus Lugupeetud Kurama Management O\u00dc, Soovin teatada toote tagastamisest vastavalt teie ettev\u00f5tte tagastamispoliitikale. Palun vaadake allpool toote tagastamise \u00fcksikasjad: Olen lugenud teie tagastamispoliitikat ja veendunud, et olen \u00f5igustatud [&hellip;]\" \/>\n<meta property=\"og:url\" content=\"https:\/\/drivelab.ee\/lv\/refund_returns\/\" \/>\n<meta property=\"og:site_name\" content=\"DriveLab\" \/>\n<meta name=\"twitter:card\" content=\"summary_large_image\" \/>\n<meta name=\"twitter:label1\" content=\"Est. reading time\" \/>\n\t<meta name=\"twitter:data1\" content=\"1 min\u016bte\" \/>\n<script type=\"application\/ld+json\" class=\"yoast-schema-graph\">{\"@context\":\"https:\/\/schema.org\",\"@graph\":[{\"@type\":\"WebPage\",\"@id\":\"https:\/\/drivelab.ee\/refund_returns\/\",\"url\":\"https:\/\/drivelab.ee\/refund_returns\/\",\"name\":\"Kauba tagastus - DriveLab\",\"isPartOf\":{\"@id\":\"https:\/\/drivelab.ee\/#website\"},\"datePublished\":\"2025-01-07T19:53:24+00:00\",\"breadcrumb\":{\"@id\":\"https:\/\/drivelab.ee\/refund_returns\/#breadcrumb\"},\"inLanguage\":\"lv-LV\",\"potentialAction\":[{\"@type\":\"ReadAction\",\"target\":[\"https:\/\/drivelab.ee\/refund_returns\/\"]}]},{\"@type\":\"BreadcrumbList\",\"@id\":\"https:\/\/drivelab.ee\/refund_returns\/#breadcrumb\",\"itemListElement\":[{\"@type\":\"ListItem\",\"position\":1,\"name\":\"Home\",\"item\":\"https:\/\/drivelab.ee\/\"},{\"@type\":\"ListItem\",\"position\":2,\"name\":\"Kauba tagastus\"}]},{\"@type\":\"WebSite\",\"@id\":\"https:\/\/drivelab.ee\/#website\",\"url\":\"https:\/\/drivelab.ee\/\",\"name\":\"DriveLab.ee\",\"description\":\"\",\"publisher\":{\"@id\":\"https:\/\/drivelab.ee\/#organization\"},\"potentialAction\":[{\"@type\":\"SearchAction\",\"target\":{\"@type\":\"EntryPoint\",\"urlTemplate\":\"https:\/\/drivelab.ee\/?s={search_term_string}\"},\"query-input\":{\"@type\":\"PropertyValueSpecification\",\"valueRequired\":true,\"valueName\":\"search_term_string\"}}],\"inLanguage\":\"lv-LV\"},{\"@type\":\"Organization\",\"@id\":\"https:\/\/drivelab.ee\/#organization\",\"name\":\"DriveLab\",\"url\":\"https:\/\/drivelab.ee\/\",\"logo\":{\"@type\":\"ImageObject\",\"inLanguage\":\"lv-LV\",\"@id\":\"https:\/\/drivelab.ee\/#\/schema\/logo\/image\/\",\"url\":\"https:\/\/drivelab.ee\/wp-content\/uploads\/2025\/01\/test-logo-1.png\",\"contentUrl\":\"https:\/\/drivelab.ee\/wp-content\/uploads\/2025\/01\/test-logo-1.png\",\"width\":492,\"height\":95,\"caption\":\"DriveLab\"},\"image\":{\"@id\":\"https:\/\/drivelab.ee\/#\/schema\/logo\/image\/\"}}]}<\/script>\n<!-- \/ Yoast SEO plugin. -->","yoast_head_json":{"title":"Kauba tagastus - DriveLab","robots":{"index":"index","follow":"follow","max-snippet":"max-snippet:-1","max-image-preview":"max-image-preview:large","max-video-preview":"max-video-preview:-1"},"canonical":"https:\/\/drivelab.ee\/lv\/refund_returns\/","og_locale":"lv_LV","og_type":"article","og_title":"Kauba tagastus - DriveLab","og_description":"Kurama Management O\u00dc (registrikood 16970522) Enne kauba tagastamist tutvuge meie m\u00fc\u00fcgitingimuste \u201cTaganemis\u00f5igus\u201d l\u00f5iguga ning veenduge, et kaup on tagastamis k\u00f5lbulik. Tagastusvormi n\u00e4idis Saaja:\u00a0info@drivelab.eeSaatja:\u00a0[Teie e-posti aadress] Teema:&nbsp;Toote tagastamise taotlus Lugupeetud Kurama Management O\u00dc, Soovin teatada toote tagastamisest vastavalt teie ettev\u00f5tte tagastamispoliitikale. Palun vaadake allpool toote tagastamise \u00fcksikasjad: Olen lugenud teie tagastamispoliitikat ja veendunud, et olen \u00f5igustatud [&hellip;]","og_url":"https:\/\/drivelab.ee\/lv\/refund_returns\/","og_site_name":"DriveLab","twitter_card":"summary_large_image","twitter_misc":{"Est. reading time":"1 min\u016bte"},"schema":{"@context":"https:\/\/schema.org","@graph":[{"@type":"WebPage","@id":"https:\/\/drivelab.ee\/refund_returns\/","url":"https:\/\/drivelab.ee\/refund_returns\/","name":"Kauba tagastus - DriveLab","isPartOf":{"@id":"https:\/\/drivelab.ee\/#website"},"datePublished":"2025-01-07T19:53:24+00:00","breadcrumb":{"@id":"https:\/\/drivelab.ee\/refund_returns\/#breadcrumb"},"inLanguage":"lv-LV","potentialAction":[{"@type":"ReadAction","target":["https:\/\/drivelab.ee\/refund_returns\/"]}]},{"@type":"BreadcrumbList","@id":"https:\/\/drivelab.ee\/refund_returns\/#breadcrumb","itemListElement":[{"@type":"ListItem","position":1,"name":"Home","item":"https:\/\/drivelab.ee\/"},{"@type":"ListItem","position":2,"name":"Kauba tagastus"}]},{"@type":"WebSite","@id":"https:\/\/drivelab.ee\/#website","url":"https:\/\/drivelab.ee\/","name":"DriveLab.ee","description":"","publisher":{"@id":"https:\/\/drivelab.ee\/#organization"},"potentialAction":[{"@type":"SearchAction","target":{"@type":"EntryPoint","urlTemplate":"https:\/\/drivelab.ee\/?s={search_term_string}"},"query-input":{"@type":"PropertyValueSpecification","valueRequired":true,"valueName":"search_term_string"}}],"inLanguage":"lv-LV"},{"@type":"Organization","@id":"https:\/\/drivelab.ee\/#organization","name":"DriveLab","url":"https:\/\/drivelab.ee\/","logo":{"@type":"ImageObject","inLanguage":"lv-LV","@id":"https:\/\/drivelab.ee\/#\/schema\/logo\/image\/","url":"https:\/\/drivelab.ee\/wp-content\/uploads\/2025\/01\/test-logo-1.png","contentUrl":"https:\/\/drivelab.ee\/wp-content\/uploads\/2025\/01\/test-logo-1.png","width":492,"height":95,"caption":"DriveLab"},"image":{"@id":"https:\/\/drivelab.ee\/#\/schema\/logo\/image\/"}}]}},"jetpack_sharing_enabled":true,"_links":{"self":[{"href":"https:\/\/drivelab.ee\/lv\/wp-json\/wp\/v2\/pages\/10","targetHints":{"allow":["GET"]}}],"collection":[{"href":"https:\/\/drivelab.ee\/lv\/wp-json\/wp\/v2\/pages"}],"about":[{"href":"https:\/\/drivelab.ee\/lv\/wp-json\/wp\/v2\/types\/page"}],"author":[{"embeddable":true,"href":"https:\/\/drivelab.ee\/lv\/wp-json\/wp\/v2\/users\/1"}],"replies":[{"embeddable":true,"href":"https:\/\/drivelab.ee\/lv\/wp-json\/wp\/v2\/comments?post=10"}],"version-history":[{"count":0,"href":"https:\/\/drivelab.ee\/lv\/wp-json\/wp\/v2\/pages\/10\/revisions"}],"wp:attachment":[{"href":"https:\/\/drivelab.ee\/lv\/wp-json\/wp\/v2\/media?parent=10"}],"curies":[{"name":"wp","href":"https:\/\/api.w.org\/{rel}","templated":true}]}}