{"id":10811,"date":"2025-01-27T20:52:36","date_gmt":"2025-01-27T18:52:36","guid":{"rendered":"https:\/\/drivelab.ee\/?post_type=product&#038;p=10811"},"modified":"2026-03-28T19:03:48","modified_gmt":"2026-03-28T17:03:48","slug":"launch-x431-pro-elite","status":"publish","type":"product","link":"https:\/\/drivelab.ee\/lv\/product\/launch-x431-pro-elite\/","title":{"rendered":"X431 PRO ELITE palai\u0161ana"},"content":{"rendered":"<p><strong>Launch X431 PRO ELITE Skanner \u2013 T\u00e4isfunktsionaalne Diagnostikaseade<\/strong><\/p>\n<p><strong>\u00dclevaade:<\/strong> Launch X431 PRO ELITE on uusim t\u00e4isfunktsionaalne diagnostikaseade, mis pakub k\u00f5iki vajalikke t\u00f6\u00f6riistu ja teenuseid, et tagada parim s\u00f5iduki diagnostika. See skanner toetab enam kui 150 autotootjat ja \u00fcle 200 000 s\u00f5iduki, pakkudes tipptasemel diagnostikat k\u00f5igile s\u00fcsteemidele. Samuti toetab see uusi protokolle nagu CAN FD ja DoIP, mis tagab kiire s\u00f5iduki diagnostika ja andmeedastuse, pakkudes \u00fchilduvust isegi uute s\u00f5idukite mudelitega, sealhulgas GM, BMW, Jaguar, Land Rover ja Volvo.<\/p>\n<p><strong>Peamised omadused:<\/strong><\/p>\n<ul>\n<li><strong>T\u00e4ielik bi-directionaalne juhtimine (aktiivne testimine):<\/strong> V\u00f5imaldab katsetada s\u00f5iduki komponente reaalajas.<\/li>\n<li><strong>V\u00f5tmeprogrammeering:<\/strong> Toetab s\u00f5iduki v\u00f5tmete programmi lisamist ja kustutamist.<\/li>\n<li><strong>T\u00e4iendatud teenused:<\/strong> \u00dcle 37 teenuse, sealhulgas VAG-grupi juhend, AutoAuth FCA jaoks.<\/li>\n<li><strong>OE taseme diagnostika:<\/strong> Pakkuda t\u00e4ielikku s\u00fcsteemide diagnostikat igasugustes s\u00f5idukites.<\/li>\n<li><strong>Toetatud protokollid:<\/strong> CAN FD ja DoIP uute s\u00f5idukite jaoks (kuni 2025).<\/li>\n<li><strong>Suur s\u00f5iduki katvus:<\/strong> \u00dchilduv rohkem kui 150 kaubam\u00e4rgi ja 200 000 s\u00f5idukiga, sealhulgas US, Euroopa ja Aasia s\u00f5idukid.<\/li>\n<li><strong>Keeletugi:<\/strong> 25 keelt, sealhulgas inglise, saksa, prantsuse, vene, hispaania, korea, jaapani jne.<\/li>\n<\/ul>\n<p><strong>T\u00e4iendavad moodulite toed:<\/strong><\/p>\n<ul>\n<li>K\u00f5ik-\u00fches skaneerimisriist koos lisamoodulitega nagu Oscilloscope, Sensorbox, Multimeter, Videoscope, ADAS jne.<\/li>\n<li><strong>X431 TSGUN:<\/strong> TPMS andurite aktiveerimine, uute andurite \u00f5ppimine ja programmeerimine.<\/li>\n<li><strong>Videoscope:<\/strong> V\u00f5imaldab kontrollida mootori, k\u00fctusepaagi s\u00fcsteemide ja teiste raskesti ligip\u00e4\u00e4setavate osade seisukorda.<\/li>\n<li><strong>X431 PROG:<\/strong> IMMO funktsioonid VAG gruppide s\u00f5idukitele.<\/li>\n<\/ul>\n<p><strong>Uuendused:<\/strong><\/p>\n<ul>\n<li><strong>Kaks aastat tasuta tarkvara uuendusi<\/strong><\/li>\n<\/ul>\n<p>&nbsp;<\/p>\n<hr \/>\n<p><strong>X431 PRO ELITE palai\u0161ana<\/strong> skanner t\u00f6\u00f6tab j\u00e4rgmiste <strong>Launchi lisaseadmetega<\/strong>:<\/p>\n<ul>\n<li><strong>X431 TSGUN<\/strong>: TPMS andurite aktiveerimine ja \u00f5pe.<\/li>\n<li><strong>Osloskoob (S2-2)<\/strong>: Lainete anal\u00fc\u00fcs ja reaalajas diagnostika.<\/li>\n<li><strong>Sensorbox (S2-2)<\/strong>: Anduri testimine ja aktiveerimine.<\/li>\n<li><strong>Multimeeter<\/strong>: Elektriliste parameetrite kontrollimine.<\/li>\n<li><strong>Videoskoop<\/strong>: K\u00f5rvalmoodulite kontrollimine.<\/li>\n<li><strong>X431 PROG<\/strong>: IMMO funktsioonid VAG grupi s\u00f5idukitele.<\/li>\n<li><strong>WiFi printer<\/strong>: Diagnostikaaruannete printimine.<\/li>\n<\/ul>\n<p>Need moodulid laiendavad seadme funktsioone, pakkudes t\u00e4iendavaid diagnostikav\u00f5imekusi.<\/p>\n<hr \/>\n<p><strong>Launch X431 PRO ELITE vs. CRP919E BT<\/strong><\/p>\n<ul>\n<li><strong>Diagnostika ulatus:<\/strong> X431 PRO ELITE pakub laiemat teenuste valikut ja on m\u00f5eldud professionaalsete t\u00f6\u00f6kojade jaoks, samas kui CRP919E BT on kompaktselt disainitud koduseks kasutamiseks ja pakub peamiselt baasteenuseid.<\/li>\n<li><strong>\u00dchilduvus:<\/strong> X431 PRO ELITE toetab laiemat s\u00f5idukite valikut ja on m\u00f5eldud uusimatele mudelitele, CRP919E BT on pigem keskendunud tavap\u00e4rastele OBD2 diagnostikafunktsioonidele.<\/li>\n<li><strong>Tarkvara ja uuendused:<\/strong> X431 PRO ELITE sisaldab tasuta 2-aastase tarkvarauuenduse, samas kui CRP919E BT-l on piiratud tarkvarauuendused.<\/li>\n<\/ul>\n<p>X431 PRO ELITE sobib professionaalidele, kes vajavad laia teenuste valikut, samas kui CRP919E BT on ideaalne igap\u00e4evaseks kasutamiseks.<\/p>\n<hr \/>\n<p><strong>Komplekti kuulub:<\/strong><\/p>\n<ul>\n<li>Launch X431 PRO ELITE diagnostikaseade<\/li>\n<li>Tasuta tarkvarauuendus (2 aastat)<\/li>\n<\/ul>","protected":false},"excerpt":{"rendered":"<ul>\n<li><strong>\u0100trs procesors<\/strong>: 2,0 GHz \u010detrkodolu Cortex-A55 procesors nodro\u0161ina \u0101tru un prec\u012bzu diagnostiku.<\/li>\n<li><strong>Android 10.0<\/strong>: Viegli lietojams un vienm\u0113r\u012bgi darbojas.<\/li>\n<li><strong>Pla\u0161i izplat\u012bta savietojam\u012bba<\/strong>: Atbalsta vair\u0101k nek\u0101 150 automobi\u013cu ra\u017eot\u0101ju un jaun\u0101kos mode\u013cus (tostarp CAN FD un DoIP protokolus).<\/li>\n<li><strong>8 collu ekr\u0101ns<\/strong>: Augstas iz\u0161\u0137irtsp\u0113jas LCD ekr\u0101ns skaidram att\u0113lam.<\/li>\n<li><strong>Iztur\u012bga ar akumulatoru darbin\u0101ma ier\u012bce<\/strong>6000 mAh akumulators nodro\u0161ina ilgu akumulatora darb\u012bbas laiku un pa\u0101trina diagnostiku.<\/li>\n<\/ul>\n<p>&nbsp;<\/p>\n<p>\u26a0 ES versija<\/p>","protected":false},"featured_media":10812,"template":"","meta":[],"product_brand":[317],"product_cat":[307,299],"product_tag":[300,309],"class_list":{"0":"post-10811","1":"product","2":"type-product","3":"status-publish","4":"has-post-thumbnail","6":"product_brand-launch","7":"product_cat-diagnostika","8":"product_cat-diagnostikaseadmed","9":"product_tag-diagnostika","10":"product_tag-launch","11":"ts_product_brand-brand-launch","13":"first","14":"instock","15":"sale","16":"taxable","17":"shipping-taxable","18":"purchasable","19":"product-type-simple"},"yoast_head":"<!-- This site is optimized with the Yoast SEO plugin v26.7 - https:\/\/yoast.com\/wordpress\/plugins\/seo\/ -->\n<title>Launch X431 PRO ELITE - Diagnostikaseade - DriveLab<\/title>\n<meta name=\"description\" content=\"Launch X431 PRO Elite on t\u00e4isfunktsionaalne diagnostikaseade, mis toetab enam kui 150 br\u00e4ndi ja uusimaid protokolle. Sujuv Android 10.0 operatsioonis\u00fcsteem, kiire protsessor ja 8-tolline ekraan tagavad t\u00e4pse ja kiire auto diagnostika.\" \/>\n<meta name=\"robots\" content=\"index, follow, max-snippet:-1, max-image-preview:large, max-video-preview:-1\" \/>\n<link rel=\"canonical\" href=\"https:\/\/drivelab.ee\/lv\/product\/launch-x431-pro-elite\/\" \/>\n<meta property=\"og:locale\" content=\"lv_LV\" \/>\n<meta property=\"og:type\" content=\"article\" \/>\n<meta property=\"og:title\" content=\"Launch X431 PRO ELITE - Diagnostikaseade - DriveLab\" \/>\n<meta property=\"og:description\" content=\"Launch X431 PRO Elite on t\u00e4isfunktsionaalne diagnostikaseade, mis toetab enam kui 150 br\u00e4ndi ja uusimaid protokolle. Sujuv Android 10.0 operatsioonis\u00fcsteem, kiire protsessor ja 8-tolline ekraan tagavad t\u00e4pse ja kiire auto diagnostika.\" \/>\n<meta property=\"og:url\" content=\"https:\/\/drivelab.ee\/lv\/product\/launch-x431-pro-elite\/\" \/>\n<meta property=\"og:site_name\" content=\"DriveLab\" \/>\n<meta property=\"article:modified_time\" content=\"2026-03-28T17:03:48+00:00\" \/>\n<meta property=\"og:image\" content=\"https:\/\/drivelab.ee\/wp-content\/uploads\/2025\/01\/23090116935545645005-1.jpg\" \/>\n\t<meta property=\"og:image:width\" content=\"500\" \/>\n\t<meta property=\"og:image:height\" content=\"500\" \/>\n\t<meta property=\"og:image:type\" content=\"image\/jpeg\" \/>\n<meta name=\"twitter:card\" content=\"summary_large_image\" \/>\n<meta name=\"twitter:label1\" content=\"Est. reading time\" \/>\n\t<meta name=\"twitter:data1\" content=\"3 min\u016btes\" \/>\n<script type=\"application\/ld+json\" class=\"yoast-schema-graph\">{\"@context\":\"https:\/\/schema.org\",\"@graph\":[{\"@type\":\"WebPage\",\"@id\":\"https:\/\/drivelab.ee\/product\/launch-x431-pro-elite\/\",\"url\":\"https:\/\/drivelab.ee\/product\/launch-x431-pro-elite\/\",\"name\":\"Launch X431 PRO ELITE - Diagnostikaseade - DriveLab\",\"isPartOf\":{\"@id\":\"https:\/\/drivelab.ee\/#website\"},\"primaryImageOfPage\":{\"@id\":\"https:\/\/drivelab.ee\/product\/launch-x431-pro-elite\/#primaryimage\"},\"image\":{\"@id\":\"https:\/\/drivelab.ee\/product\/launch-x431-pro-elite\/#primaryimage\"},\"thumbnailUrl\":\"https:\/\/drivelab.ee\/wp-content\/uploads\/2025\/01\/23090116935545645005-1.jpg\",\"datePublished\":\"2025-01-27T18:52:36+00:00\",\"dateModified\":\"2026-03-28T17:03:48+00:00\",\"description\":\"Launch X431 PRO Elite on t\u00e4isfunktsionaalne diagnostikaseade, mis toetab enam kui 150 br\u00e4ndi ja uusimaid protokolle. Sujuv Android 10.0 operatsioonis\u00fcsteem, kiire protsessor ja 8-tolline ekraan tagavad t\u00e4pse ja kiire auto diagnostika.\",\"breadcrumb\":{\"@id\":\"https:\/\/drivelab.ee\/product\/launch-x431-pro-elite\/#breadcrumb\"},\"inLanguage\":\"lv-LV\",\"potentialAction\":[{\"@type\":\"ReadAction\",\"target\":[\"https:\/\/drivelab.ee\/product\/launch-x431-pro-elite\/\"]}]},{\"@type\":\"ImageObject\",\"inLanguage\":\"lv-LV\",\"@id\":\"https:\/\/drivelab.ee\/product\/launch-x431-pro-elite\/#primaryimage\",\"url\":\"https:\/\/drivelab.ee\/wp-content\/uploads\/2025\/01\/23090116935545645005-1.jpg\",\"contentUrl\":\"https:\/\/drivelab.ee\/wp-content\/uploads\/2025\/01\/23090116935545645005-1.jpg\",\"width\":500,\"height\":500},{\"@type\":\"BreadcrumbList\",\"@id\":\"https:\/\/drivelab.ee\/product\/launch-x431-pro-elite\/#breadcrumb\",\"itemListElement\":[{\"@type\":\"ListItem\",\"position\":1,\"name\":\"Home\",\"item\":\"https:\/\/drivelab.ee\/\"},{\"@type\":\"ListItem\",\"position\":2,\"name\":\"Pood\",\"item\":\"https:\/\/drivelab.ee\/shop\/\"},{\"@type\":\"ListItem\",\"position\":3,\"name\":\"Launch X431 PRO ELITE\"}]},{\"@type\":\"WebSite\",\"@id\":\"https:\/\/drivelab.ee\/#website\",\"url\":\"https:\/\/drivelab.ee\/\",\"name\":\"DriveLab.ee\",\"description\":\"\",\"publisher\":{\"@id\":\"https:\/\/drivelab.ee\/#organization\"},\"potentialAction\":[{\"@type\":\"SearchAction\",\"target\":{\"@type\":\"EntryPoint\",\"urlTemplate\":\"https:\/\/drivelab.ee\/?s={search_term_string}\"},\"query-input\":{\"@type\":\"PropertyValueSpecification\",\"valueRequired\":true,\"valueName\":\"search_term_string\"}}],\"inLanguage\":\"lv-LV\"},{\"@type\":\"Organization\",\"@id\":\"https:\/\/drivelab.ee\/#organization\",\"name\":\"DriveLab\",\"url\":\"https:\/\/drivelab.ee\/\",\"logo\":{\"@type\":\"ImageObject\",\"inLanguage\":\"lv-LV\",\"@id\":\"https:\/\/drivelab.ee\/#\/schema\/logo\/image\/\",\"url\":\"https:\/\/drivelab.ee\/wp-content\/uploads\/2025\/01\/test-logo-1.png\",\"contentUrl\":\"https:\/\/drivelab.ee\/wp-content\/uploads\/2025\/01\/test-logo-1.png\",\"width\":492,\"height\":95,\"caption\":\"DriveLab\"},\"image\":{\"@id\":\"https:\/\/drivelab.ee\/#\/schema\/logo\/image\/\"}}]}<\/script>\n<!-- \/ Yoast SEO plugin. -->","yoast_head_json":{"title":"Launch X431 PRO ELITE - Diagnostikaseade - DriveLab","description":"Launch X431 PRO Elite on t\u00e4isfunktsionaalne diagnostikaseade, mis toetab enam kui 150 br\u00e4ndi ja uusimaid protokolle. Sujuv Android 10.0 operatsioonis\u00fcsteem, kiire protsessor ja 8-tolline ekraan tagavad t\u00e4pse ja kiire auto diagnostika.","robots":{"index":"index","follow":"follow","max-snippet":"max-snippet:-1","max-image-preview":"max-image-preview:large","max-video-preview":"max-video-preview:-1"},"canonical":"https:\/\/drivelab.ee\/lv\/product\/launch-x431-pro-elite\/","og_locale":"lv_LV","og_type":"article","og_title":"Launch X431 PRO ELITE - Diagnostikaseade - DriveLab","og_description":"Launch X431 PRO Elite on t\u00e4isfunktsionaalne diagnostikaseade, mis toetab enam kui 150 br\u00e4ndi ja uusimaid protokolle. Sujuv Android 10.0 operatsioonis\u00fcsteem, kiire protsessor ja 8-tolline ekraan tagavad t\u00e4pse ja kiire auto diagnostika.","og_url":"https:\/\/drivelab.ee\/lv\/product\/launch-x431-pro-elite\/","og_site_name":"DriveLab","article_modified_time":"2026-03-28T17:03:48+00:00","og_image":[{"width":500,"height":500,"url":"https:\/\/drivelab.ee\/wp-content\/uploads\/2025\/01\/23090116935545645005-1.jpg","type":"image\/jpeg"}],"twitter_card":"summary_large_image","twitter_misc":{"Est. reading time":"3 min\u016btes"},"schema":{"@context":"https:\/\/schema.org","@graph":[{"@type":"WebPage","@id":"https:\/\/drivelab.ee\/product\/launch-x431-pro-elite\/","url":"https:\/\/drivelab.ee\/product\/launch-x431-pro-elite\/","name":"Launch X431 PRO ELITE - Diagnostikaseade - DriveLab","isPartOf":{"@id":"https:\/\/drivelab.ee\/#website"},"primaryImageOfPage":{"@id":"https:\/\/drivelab.ee\/product\/launch-x431-pro-elite\/#primaryimage"},"image":{"@id":"https:\/\/drivelab.ee\/product\/launch-x431-pro-elite\/#primaryimage"},"thumbnailUrl":"https:\/\/drivelab.ee\/wp-content\/uploads\/2025\/01\/23090116935545645005-1.jpg","datePublished":"2025-01-27T18:52:36+00:00","dateModified":"2026-03-28T17:03:48+00:00","description":"Launch X431 PRO Elite on t\u00e4isfunktsionaalne diagnostikaseade, mis toetab enam kui 150 br\u00e4ndi ja uusimaid protokolle. Sujuv Android 10.0 operatsioonis\u00fcsteem, kiire protsessor ja 8-tolline ekraan tagavad t\u00e4pse ja kiire auto diagnostika.","breadcrumb":{"@id":"https:\/\/drivelab.ee\/product\/launch-x431-pro-elite\/#breadcrumb"},"inLanguage":"lv-LV","potentialAction":[{"@type":"ReadAction","target":["https:\/\/drivelab.ee\/product\/launch-x431-pro-elite\/"]}]},{"@type":"ImageObject","inLanguage":"lv-LV","@id":"https:\/\/drivelab.ee\/product\/launch-x431-pro-elite\/#primaryimage","url":"https:\/\/drivelab.ee\/wp-content\/uploads\/2025\/01\/23090116935545645005-1.jpg","contentUrl":"https:\/\/drivelab.ee\/wp-content\/uploads\/2025\/01\/23090116935545645005-1.jpg","width":500,"height":500},{"@type":"BreadcrumbList","@id":"https:\/\/drivelab.ee\/product\/launch-x431-pro-elite\/#breadcrumb","itemListElement":[{"@type":"ListItem","position":1,"name":"Home","item":"https:\/\/drivelab.ee\/"},{"@type":"ListItem","position":2,"name":"Pood","item":"https:\/\/drivelab.ee\/shop\/"},{"@type":"ListItem","position":3,"name":"Launch X431 PRO ELITE"}]},{"@type":"WebSite","@id":"https:\/\/drivelab.ee\/#website","url":"https:\/\/drivelab.ee\/","name":"DriveLab.ee","description":"","publisher":{"@id":"https:\/\/drivelab.ee\/#organization"},"potentialAction":[{"@type":"SearchAction","target":{"@type":"EntryPoint","urlTemplate":"https:\/\/drivelab.ee\/?s={search_term_string}"},"query-input":{"@type":"PropertyValueSpecification","valueRequired":true,"valueName":"search_term_string"}}],"inLanguage":"lv-LV"},{"@type":"Organization","@id":"https:\/\/drivelab.ee\/#organization","name":"DriveLab","url":"https:\/\/drivelab.ee\/","logo":{"@type":"ImageObject","inLanguage":"lv-LV","@id":"https:\/\/drivelab.ee\/#\/schema\/logo\/image\/","url":"https:\/\/drivelab.ee\/wp-content\/uploads\/2025\/01\/test-logo-1.png","contentUrl":"https:\/\/drivelab.ee\/wp-content\/uploads\/2025\/01\/test-logo-1.png","width":492,"height":95,"caption":"DriveLab"},"image":{"@id":"https:\/\/drivelab.ee\/#\/schema\/logo\/image\/"}}]}},"jetpack_sharing_enabled":true,"_links":{"self":[{"href":"https:\/\/drivelab.ee\/lv\/wp-json\/wp\/v2\/product\/10811","targetHints":{"allow":["GET"]}}],"collection":[{"href":"https:\/\/drivelab.ee\/lv\/wp-json\/wp\/v2\/product"}],"about":[{"href":"https:\/\/drivelab.ee\/lv\/wp-json\/wp\/v2\/types\/product"}],"wp:featuredmedia":[{"embeddable":true,"href":"https:\/\/drivelab.ee\/lv\/wp-json\/wp\/v2\/media\/10812"}],"wp:attachment":[{"href":"https:\/\/drivelab.ee\/lv\/wp-json\/wp\/v2\/media?parent=10811"}],"wp:term":[{"taxonomy":"product_brand","embeddable":true,"href":"https:\/\/drivelab.ee\/lv\/wp-json\/wp\/v2\/product_brand?post=10811"},{"taxonomy":"product_cat","embeddable":true,"href":"https:\/\/drivelab.ee\/lv\/wp-json\/wp\/v2\/product_cat?post=10811"},{"taxonomy":"product_tag","embeddable":true,"href":"https:\/\/drivelab.ee\/lv\/wp-json\/wp\/v2\/product_tag?post=10811"}],"curies":[{"name":"wp","href":"https:\/\/api.w.org\/{rel}","templated":true}]}}