{"id":10892,"date":"2025-02-25T19:51:40","date_gmt":"2025-02-25T17:51:40","guid":{"rendered":"https:\/\/drivelab.ee\/?post_type=product&#038;p=10892"},"modified":"2025-03-02T17:37:53","modified_gmt":"2025-03-02T15:37:53","slug":"vag-kkl-409-1","status":"publish","type":"product","link":"https:\/\/drivelab.ee\/lv\/product\/vag-kkl-409-1\/","title":{"rendered":"VAG KKL 409.1"},"content":{"rendered":"<p data-start=\"107\" data-end=\"303\">VAG KKL USB diagnostikakaabel on m\u00f5eldud Volkswageni, Audi, Skoda ja Seat s\u00f5idukitele, mis kasutavad ISO\/KWP protokolli. See v\u00f5imaldab autodiagnostikat ja veakoodide lugemist l\u00e4bi OBDII pistiku.<\/p>\n<p data-start=\"305\" data-end=\"324\"><strong data-start=\"305\" data-end=\"322\">Funktsioonid:<\/strong><\/p>\n<ul data-start=\"325\" data-end=\"678\">\n<li data-start=\"399\" data-end=\"439\">Toetab terminali (K) bussi suhtlust.<\/li>\n<li data-start=\"440\" data-end=\"507\">Terminal (L) s\u00fc\u00fcde \u00e4ratab auto ECU (mootorijuhtimise s\u00fcsteemi).<\/li>\n<li data-start=\"508\" data-end=\"569\">Toetab kolme erinevat OBD2 protokolli: ISO\/KWP, VPW, PMW.<\/li>\n<li data-start=\"570\" data-end=\"644\">\u00dchilduv enamikule Volkswageni ja Audi mudelitele alates 1994. aastast.<\/li>\n<li data-start=\"645\" data-end=\"678\">Toetab ka ISO9141 protokolli.<\/li>\n<\/ul>\n<p data-start=\"680\" data-end=\"764\"><strong data-start=\"682\" data-end=\"693\">M\u00e4rkus:<\/strong> Kaabel ei t\u00f6\u00f6ta, kui auto kasutab VPW, PWM v\u00f5i CAN-bussi protokolli.<\/p>","protected":false},"excerpt":{"rendered":"<ul>\n<li>VAG KKL USB diagnostikas kabelis Volkswagen, Audi, Skoda un Seat automobi\u013ciem<\/li>\n<li>Savietojam\u012bba ar ISO\/KWP, VPW un PMW protokoliem<\/li>\n<li>K\u013c\u016bdu kodu nolas\u012b\u0161ana un dz\u0113\u0161ana, izmantojot OBDII savienojumu<\/li>\n<li>Piem\u0113rots liel\u0101kajai da\u013cai VAG grupas transportl\u012bdzek\u013cu, s\u0101kot no 1994. gada.<\/li>\n<\/ul>","protected":false},"featured_media":10893,"template":"","meta":[],"product_brand":[323],"product_cat":[307,308],"product_tag":[],"class_list":{"0":"post-10892","1":"product","2":"type-product","3":"status-publish","4":"has-post-thumbnail","6":"product_brand-vag","7":"product_cat-diagnostika","8":"product_cat-tarvikud","10":"first","11":"instock","12":"sale","13":"taxable","14":"shipping-taxable","15":"purchasable","16":"product-type-simple"},"yoast_head":"<!-- This site is optimized with the Yoast SEO plugin v26.7 - https:\/\/yoast.com\/wordpress\/plugins\/seo\/ -->\n<title>VAG KKL 409.1 - DriveLab<\/title>\n<meta name=\"description\" content=\"Osta VAG KKL USB diagnostikakaabel Volkswageni, Audi, Skoda ja Seat autodele. \u00dchildub ISO\/KWP, VPW ja PMW protokollidega, toetab Windowsi operatsioonis\u00fcsteeme ning v\u00f5imaldab autodiagnostikat l\u00e4bi OBDII \u00fchenduse.\" \/>\n<meta name=\"robots\" content=\"index, follow, max-snippet:-1, max-image-preview:large, max-video-preview:-1\" \/>\n<link rel=\"canonical\" href=\"https:\/\/drivelab.ee\/lv\/product\/vag-kkl-409-1\/\" \/>\n<meta property=\"og:locale\" content=\"lv_LV\" \/>\n<meta property=\"og:type\" content=\"article\" \/>\n<meta property=\"og:title\" content=\"VAG KKL 409.1 - DriveLab\" \/>\n<meta property=\"og:description\" content=\"Osta VAG KKL USB diagnostikakaabel Volkswageni, Audi, Skoda ja Seat autodele. \u00dchildub ISO\/KWP, VPW ja PMW protokollidega, toetab Windowsi operatsioonis\u00fcsteeme ning v\u00f5imaldab autodiagnostikat l\u00e4bi OBDII \u00fchenduse.\" \/>\n<meta property=\"og:url\" content=\"https:\/\/drivelab.ee\/lv\/product\/vag-kkl-409-1\/\" \/>\n<meta property=\"og:site_name\" content=\"DriveLab\" \/>\n<meta property=\"article:modified_time\" content=\"2025-03-02T15:37:53+00:00\" \/>\n<meta name=\"twitter:card\" content=\"summary_large_image\" \/>\n<meta name=\"twitter:label1\" content=\"Est. reading time\" \/>\n\t<meta name=\"twitter:data1\" content=\"1 min\u016bte\" \/>\n<script type=\"application\/ld+json\" class=\"yoast-schema-graph\">{\"@context\":\"https:\/\/schema.org\",\"@graph\":[{\"@type\":\"WebPage\",\"@id\":\"https:\/\/drivelab.ee\/product\/vag-kkl-409-1\/\",\"url\":\"https:\/\/drivelab.ee\/product\/vag-kkl-409-1\/\",\"name\":\"VAG KKL 409.1 - DriveLab\",\"isPartOf\":{\"@id\":\"https:\/\/drivelab.ee\/#website\"},\"primaryImageOfPage\":{\"@id\":\"https:\/\/drivelab.ee\/product\/vag-kkl-409-1\/#primaryimage\"},\"image\":{\"@id\":\"https:\/\/drivelab.ee\/product\/vag-kkl-409-1\/#primaryimage\"},\"thumbnailUrl\":\"https:\/\/drivelab.ee\/wp-content\/uploads\/2025\/02\/vag-kkl.avif\",\"datePublished\":\"2025-02-25T17:51:40+00:00\",\"dateModified\":\"2025-03-02T15:37:53+00:00\",\"description\":\"Osta VAG KKL USB diagnostikakaabel Volkswageni, Audi, Skoda ja Seat autodele. \u00dchildub ISO\/KWP, VPW ja PMW protokollidega, toetab Windowsi operatsioonis\u00fcsteeme ning v\u00f5imaldab autodiagnostikat l\u00e4bi OBDII \u00fchenduse.\",\"breadcrumb\":{\"@id\":\"https:\/\/drivelab.ee\/product\/vag-kkl-409-1\/#breadcrumb\"},\"inLanguage\":\"lv-LV\",\"potentialAction\":[{\"@type\":\"ReadAction\",\"target\":[\"https:\/\/drivelab.ee\/product\/vag-kkl-409-1\/\"]}]},{\"@type\":\"ImageObject\",\"inLanguage\":\"lv-LV\",\"@id\":\"https:\/\/drivelab.ee\/product\/vag-kkl-409-1\/#primaryimage\",\"url\":\"https:\/\/drivelab.ee\/wp-content\/uploads\/2025\/02\/vag-kkl.avif\",\"contentUrl\":\"https:\/\/drivelab.ee\/wp-content\/uploads\/2025\/02\/vag-kkl.avif\",\"width\":1000,\"height\":1000},{\"@type\":\"BreadcrumbList\",\"@id\":\"https:\/\/drivelab.ee\/product\/vag-kkl-409-1\/#breadcrumb\",\"itemListElement\":[{\"@type\":\"ListItem\",\"position\":1,\"name\":\"Home\",\"item\":\"https:\/\/drivelab.ee\/\"},{\"@type\":\"ListItem\",\"position\":2,\"name\":\"Pood\",\"item\":\"https:\/\/drivelab.ee\/shop\/\"},{\"@type\":\"ListItem\",\"position\":3,\"name\":\"VAG KKL 409.1\"}]},{\"@type\":\"WebSite\",\"@id\":\"https:\/\/drivelab.ee\/#website\",\"url\":\"https:\/\/drivelab.ee\/\",\"name\":\"DriveLab.ee\",\"description\":\"\",\"publisher\":{\"@id\":\"https:\/\/drivelab.ee\/#organization\"},\"potentialAction\":[{\"@type\":\"SearchAction\",\"target\":{\"@type\":\"EntryPoint\",\"urlTemplate\":\"https:\/\/drivelab.ee\/?s={search_term_string}\"},\"query-input\":{\"@type\":\"PropertyValueSpecification\",\"valueRequired\":true,\"valueName\":\"search_term_string\"}}],\"inLanguage\":\"lv-LV\"},{\"@type\":\"Organization\",\"@id\":\"https:\/\/drivelab.ee\/#organization\",\"name\":\"DriveLab\",\"url\":\"https:\/\/drivelab.ee\/\",\"logo\":{\"@type\":\"ImageObject\",\"inLanguage\":\"lv-LV\",\"@id\":\"https:\/\/drivelab.ee\/#\/schema\/logo\/image\/\",\"url\":\"https:\/\/drivelab.ee\/wp-content\/uploads\/2025\/01\/test-logo-1.png\",\"contentUrl\":\"https:\/\/drivelab.ee\/wp-content\/uploads\/2025\/01\/test-logo-1.png\",\"width\":492,\"height\":95,\"caption\":\"DriveLab\"},\"image\":{\"@id\":\"https:\/\/drivelab.ee\/#\/schema\/logo\/image\/\"}}]}<\/script>\n<!-- \/ Yoast SEO plugin. -->","yoast_head_json":{"title":"VAG KKL 409.1 - DriveLab","description":"Osta VAG KKL USB diagnostikakaabel Volkswageni, Audi, Skoda ja Seat autodele. \u00dchildub ISO\/KWP, VPW ja PMW protokollidega, toetab Windowsi operatsioonis\u00fcsteeme ning v\u00f5imaldab autodiagnostikat l\u00e4bi OBDII \u00fchenduse.","robots":{"index":"index","follow":"follow","max-snippet":"max-snippet:-1","max-image-preview":"max-image-preview:large","max-video-preview":"max-video-preview:-1"},"canonical":"https:\/\/drivelab.ee\/lv\/product\/vag-kkl-409-1\/","og_locale":"lv_LV","og_type":"article","og_title":"VAG KKL 409.1 - DriveLab","og_description":"Osta VAG KKL USB diagnostikakaabel Volkswageni, Audi, Skoda ja Seat autodele. \u00dchildub ISO\/KWP, VPW ja PMW protokollidega, toetab Windowsi operatsioonis\u00fcsteeme ning v\u00f5imaldab autodiagnostikat l\u00e4bi OBDII \u00fchenduse.","og_url":"https:\/\/drivelab.ee\/lv\/product\/vag-kkl-409-1\/","og_site_name":"DriveLab","article_modified_time":"2025-03-02T15:37:53+00:00","twitter_card":"summary_large_image","twitter_misc":{"Est. reading time":"1 min\u016bte"},"schema":{"@context":"https:\/\/schema.org","@graph":[{"@type":"WebPage","@id":"https:\/\/drivelab.ee\/product\/vag-kkl-409-1\/","url":"https:\/\/drivelab.ee\/product\/vag-kkl-409-1\/","name":"VAG KKL 409.1 - DriveLab","isPartOf":{"@id":"https:\/\/drivelab.ee\/#website"},"primaryImageOfPage":{"@id":"https:\/\/drivelab.ee\/product\/vag-kkl-409-1\/#primaryimage"},"image":{"@id":"https:\/\/drivelab.ee\/product\/vag-kkl-409-1\/#primaryimage"},"thumbnailUrl":"https:\/\/drivelab.ee\/wp-content\/uploads\/2025\/02\/vag-kkl.avif","datePublished":"2025-02-25T17:51:40+00:00","dateModified":"2025-03-02T15:37:53+00:00","description":"Osta VAG KKL USB diagnostikakaabel Volkswageni, Audi, Skoda ja Seat autodele. \u00dchildub ISO\/KWP, VPW ja PMW protokollidega, toetab Windowsi operatsioonis\u00fcsteeme ning v\u00f5imaldab autodiagnostikat l\u00e4bi OBDII \u00fchenduse.","breadcrumb":{"@id":"https:\/\/drivelab.ee\/product\/vag-kkl-409-1\/#breadcrumb"},"inLanguage":"lv-LV","potentialAction":[{"@type":"ReadAction","target":["https:\/\/drivelab.ee\/product\/vag-kkl-409-1\/"]}]},{"@type":"ImageObject","inLanguage":"lv-LV","@id":"https:\/\/drivelab.ee\/product\/vag-kkl-409-1\/#primaryimage","url":"https:\/\/drivelab.ee\/wp-content\/uploads\/2025\/02\/vag-kkl.avif","contentUrl":"https:\/\/drivelab.ee\/wp-content\/uploads\/2025\/02\/vag-kkl.avif","width":1000,"height":1000},{"@type":"BreadcrumbList","@id":"https:\/\/drivelab.ee\/product\/vag-kkl-409-1\/#breadcrumb","itemListElement":[{"@type":"ListItem","position":1,"name":"Home","item":"https:\/\/drivelab.ee\/"},{"@type":"ListItem","position":2,"name":"Pood","item":"https:\/\/drivelab.ee\/shop\/"},{"@type":"ListItem","position":3,"name":"VAG KKL 409.1"}]},{"@type":"WebSite","@id":"https:\/\/drivelab.ee\/#website","url":"https:\/\/drivelab.ee\/","name":"DriveLab.ee","description":"","publisher":{"@id":"https:\/\/drivelab.ee\/#organization"},"potentialAction":[{"@type":"SearchAction","target":{"@type":"EntryPoint","urlTemplate":"https:\/\/drivelab.ee\/?s={search_term_string}"},"query-input":{"@type":"PropertyValueSpecification","valueRequired":true,"valueName":"search_term_string"}}],"inLanguage":"lv-LV"},{"@type":"Organization","@id":"https:\/\/drivelab.ee\/#organization","name":"DriveLab","url":"https:\/\/drivelab.ee\/","logo":{"@type":"ImageObject","inLanguage":"lv-LV","@id":"https:\/\/drivelab.ee\/#\/schema\/logo\/image\/","url":"https:\/\/drivelab.ee\/wp-content\/uploads\/2025\/01\/test-logo-1.png","contentUrl":"https:\/\/drivelab.ee\/wp-content\/uploads\/2025\/01\/test-logo-1.png","width":492,"height":95,"caption":"DriveLab"},"image":{"@id":"https:\/\/drivelab.ee\/#\/schema\/logo\/image\/"}}]}},"jetpack_sharing_enabled":true,"_links":{"self":[{"href":"https:\/\/drivelab.ee\/lv\/wp-json\/wp\/v2\/product\/10892","targetHints":{"allow":["GET"]}}],"collection":[{"href":"https:\/\/drivelab.ee\/lv\/wp-json\/wp\/v2\/product"}],"about":[{"href":"https:\/\/drivelab.ee\/lv\/wp-json\/wp\/v2\/types\/product"}],"wp:featuredmedia":[{"embeddable":true,"href":"https:\/\/drivelab.ee\/lv\/wp-json\/wp\/v2\/media\/10893"}],"wp:attachment":[{"href":"https:\/\/drivelab.ee\/lv\/wp-json\/wp\/v2\/media?parent=10892"}],"wp:term":[{"taxonomy":"product_brand","embeddable":true,"href":"https:\/\/drivelab.ee\/lv\/wp-json\/wp\/v2\/product_brand?post=10892"},{"taxonomy":"product_cat","embeddable":true,"href":"https:\/\/drivelab.ee\/lv\/wp-json\/wp\/v2\/product_cat?post=10892"},{"taxonomy":"product_tag","embeddable":true,"href":"https:\/\/drivelab.ee\/lv\/wp-json\/wp\/v2\/product_tag?post=10892"}],"curies":[{"name":"wp","href":"https:\/\/api.w.org\/{rel}","templated":true}]}}