{"id":10899,"date":"2025-03-02T17:09:41","date_gmt":"2025-03-02T15:09:41","guid":{"rendered":"https:\/\/drivelab.ee\/?post_type=product&#038;p=10899"},"modified":"2026-04-10T17:48:35","modified_gmt":"2026-04-10T15:48:35","slug":"launch-x431-pro3s-v5-0-scanner","status":"publish","type":"product","link":"https:\/\/drivelab.ee\/lv\/product\/launch-x431-pro3s-v5-0-scanner\/","title":{"rendered":"UZS\u0100KT X431 PRO3 S+ V5.0"},"content":{"rendered":"<h3 data-start=\"54\" data-end=\"127\"><strong data-start=\"58\" data-end=\"125\">LAUNCH X431 PRO3S+ V5.0 \u2013 Professionaalne Autodiagnostika Seade<\/strong><\/h3>\n<p data-start=\"129\" data-end=\"510\"><strong data-start=\"129\" data-end=\"156\">LAUNCH X431 PRO3S+ V5.0<\/strong> on tipptasemel autodiagnostika t\u00f6\u00f6riist, mis on loodud professionaalsetele mehaanikutele, autoremondit\u00f6\u00f6kodadele ja autohuvilistele. Seade toetab <strong data-start=\"303\" data-end=\"387\">ECU online-kodeerimist, kahepoolset juhtimist, ADAS kalibreerimist, IMMO teenust<\/strong> ja pakub t\u00e4iss\u00fcsteemset diagnostikat <strong data-start=\"425\" data-end=\"482\">300+ automargile ning enam kui 20 000 s\u00f5idukimudelile<\/strong> (OBD1 &amp; OBD2, 1992\u20132025).<\/p>\n<hr data-start=\"512\" data-end=\"515\" \/>\n<h3 data-start=\"517\" data-end=\"565\">\ud83d\udd25 <strong data-start=\"524\" data-end=\"563\">Peamised funktsioonid ja v\u00f5imalused<\/strong><\/h3>\n<p data-start=\"567\" data-end=\"602\">\u2705 <strong data-start=\"569\" data-end=\"600\">Piln\u012bga sist\u0113mas diagnostika<\/strong><\/p>\n<ul data-start=\"603\" data-end=\"785\">\n<li data-start=\"603\" data-end=\"697\">Skaneerib k\u00f5iki s\u00fcsteeme, loeb ja kustutab veakoode, kuvab reaalajas andmeid ja ECU infot.<\/li>\n<li data-start=\"698\" data-end=\"785\">Toetab <strong data-start=\"707\" data-end=\"782\">mootorit, k\u00e4igukasti, ABS-i, SRS-i, aku, rooliv\u00f5imu, kliimas\u00fcsteemi jpm<\/strong>.<\/li>\n<\/ul>\n<p data-start=\"787\" data-end=\"841\">\u2705 <strong data-start=\"789\" data-end=\"839\">T\u00e4psem ECU kodeerimine ja online-adapteerimine<\/strong><\/p>\n<ul data-start=\"842\" data-end=\"1055\">\n<li data-start=\"842\" data-end=\"929\">Toetab <strong data-start=\"851\" data-end=\"926\">VW, Audi, Skoda, BMW, Mercedes-Benz, Porsche ja paljusid teisi mudeleid<\/strong>.<\/li>\n<li data-start=\"930\" data-end=\"1055\">V\u00f5imaldab <strong data-start=\"942\" data-end=\"1052\">ECU asendust, adaptiivsete andmete l\u00e4htestamist, komponendi sobitamist, online-kalibreerimist ja kohandusi<\/strong>.<\/li>\n<\/ul>\n<p data-start=\"1057\" data-end=\"1109\">\u2705 <strong data-start=\"1059\" data-end=\"1107\">Kahepoolne juhtimine (Bidirectional Control)<\/strong><\/p>\n<ul data-start=\"1110\" data-end=\"1272\">\n<li data-start=\"1110\" data-end=\"1180\">V\u00f5imaldab <strong data-start=\"1122\" data-end=\"1146\">katsetada ja juhtida<\/strong> erinevaid komponente reaalajas.<\/li>\n<li data-start=\"1181\" data-end=\"1272\">Saab aktiveerida <strong data-start=\"1200\" data-end=\"1269\">k\u00fctusepumba, ABS-klapi, EVAP-testid, AC-kompressori ja palju muud<\/strong>.<\/li>\n<\/ul>\n<p data-start=\"1274\" data-end=\"1334\">\u2705 <strong data-start=\"1276\" data-end=\"1332\">55+ tasuta hooldusfunktsiooni igap\u00e4evaseks remondiks<\/strong><\/p>\n<ul data-start=\"1335\" data-end=\"1614\">\n<li data-start=\"1335\" data-end=\"1522\">Sisaldab <strong data-start=\"1346\" data-end=\"1519\">\u00f5livahetuse l\u00e4htestamist, TPMS-i taastamist, ABS-i \u00f5hutamist, gaasiklapi adapteerimist, vedrustuse seadistamist, pihustikodeerimist, istmete kalibreerimist ja palju muud<\/strong>.<\/li>\n<li data-start=\"1523\" data-end=\"1614\"><strong data-start=\"1525\" data-end=\"1549\">100+ lisafunktsiooni<\/strong> on saadaval s\u00f5iduki br\u00e4ndi ja s\u00fcsteemi erifunktsioonide kaudu.<\/li>\n<\/ul>\n<p data-start=\"1616\" data-end=\"1684\">\u2705 <strong data-start=\"1618\" data-end=\"1682\">Automaatne VIN-koodi skaneerimine ja mitme andmevoo kuvamine<\/strong><\/p>\n<ul data-start=\"1685\" data-end=\"1898\">\n<li data-start=\"1685\" data-end=\"1814\"><strong data-start=\"1687\" data-end=\"1716\">5 viisi VIN tuvastamiseks<\/strong>: automaatne skaneerimine, kaameraga lugemine, k\u00e4sitsi sisestamine, automaatne ja k\u00e4sitsi valik.<\/li>\n<li data-start=\"1815\" data-end=\"1898\">V\u00f5imaldab <strong data-start=\"1827\" data-end=\"1850\">kuni 12 parameetrit<\/strong> korraga kuvada nii graafiliselt kui tekstina.<\/li>\n<\/ul>\n<p data-start=\"1900\" data-end=\"1953\">\u2705 <strong data-start=\"1902\" data-end=\"1951\">VAG juhendatud funktsioonid (VW, Audi, Skoda)<\/strong><\/p>\n<ul data-start=\"1954\" data-end=\"2114\">\n<li data-start=\"1954\" data-end=\"2059\">Pakub samm-sammult juhiseid <strong data-start=\"1984\" data-end=\"2056\">ECU kodeerimiseks, erifunktsioonideks ja keerukateks diagnostikateks<\/strong>.<\/li>\n<li data-start=\"2060\" data-end=\"2114\">Aitab <strong data-start=\"2068\" data-end=\"2111\">v\u00e4ltida vigu ja lihtsustab t\u00f6\u00f6protsessi<\/strong>.<\/li>\n<\/ul>\n<p data-start=\"2116\" data-end=\"2171\">\u2705 <strong data-start=\"2118\" data-end=\"2169\">ADAS kalibreerimise tugi (vajalik lisavarustus)<\/strong><\/p>\n<ul data-start=\"2172\" data-end=\"2276\">\n<li data-start=\"2172\" data-end=\"2276\">\u00dchildub <strong data-start=\"2182\" data-end=\"2222\">LAUNCH ADAS kalibreerimisvarustusega<\/strong> t\u00e4psema turva- ja juhiabis\u00fcsteemide h\u00e4\u00e4lestamiseks.<\/li>\n<\/ul>\n<p data-start=\"2278\" data-end=\"2338\">\u2705 <strong data-start=\"2280\" data-end=\"2336\">Toetus uusimatele protokollidele (CAN FD, KWP, DOIP)<\/strong><\/p>\n<ul data-start=\"2339\" data-end=\"2481\">\n<li data-start=\"2339\" data-end=\"2393\"><strong data-start=\"2341\" data-end=\"2355\">CAN FD\/KWP<\/strong>: \u00fchildub <strong data-start=\"2365\" data-end=\"2390\">GM mudelitega (2019+)<\/strong>.<\/li>\n<li data-start=\"2394\" data-end=\"2481\"><strong data-start=\"2396\" data-end=\"2404\">DoIP<\/strong>: \u00fchildub <strong data-start=\"2414\" data-end=\"2478\">BMW (F&amp;G-seeria), Volvo (2018+), Land Rover &amp; Jaguar (2017+)<\/strong>.<\/li>\n<\/ul>\n<p data-start=\"2483\" data-end=\"2540\">\u2705 <strong data-start=\"2485\" data-end=\"2538\">FCA SGW AutoAuth (Chrysler\/Dodge\/Jeep\/Fiat 2017+)<\/strong><\/p>\n<ul data-start=\"2541\" data-end=\"2611\">\n<li data-start=\"2541\" data-end=\"2611\">V\u00f5imaldab <strong data-start=\"2553\" data-end=\"2582\">bypass-turvakaitset (SGW)<\/strong> ja t\u00e4ielikku diagnostikat.<\/li>\n<\/ul>\n<p data-start=\"2613\" data-end=\"2671\">\u2705 <strong data-start=\"2615\" data-end=\"2669\">Topoloogiline kaardistus \u2013 lihtsustab diagnostikat<\/strong><\/p>\n<ul data-start=\"2672\" data-end=\"2813\">\n<li data-start=\"2672\" data-end=\"2755\"><strong data-start=\"2674\" data-end=\"2706\">V\u00e4rvikoodidega s\u00fcsteemikaart<\/strong> n\u00e4itab k\u00f5iki mooduleid ja nende vigaseisundit.<\/li>\n<li data-start=\"2756\" data-end=\"2813\">Kiire juurdep\u00e4\u00e4s <strong data-start=\"2775\" data-end=\"2810\">veakoodidele ja s\u00fcsteemi infoni<\/strong>.<\/li>\n<\/ul>\n<p data-start=\"2815\" data-end=\"2882\">\u2705 <strong data-start=\"2817\" data-end=\"2880\">Rasketehnikaga \u00fchilduvus (24V veoautod \u2013 vaja lisamoodulit)<\/strong><\/p>\n<ul data-start=\"2883\" data-end=\"2973\">\n<li data-start=\"2883\" data-end=\"2973\">\u00dchildub <strong data-start=\"2893\" data-end=\"2926\">X431 SMARTLINK C HD mooduliga<\/strong> <strong data-start=\"2927\" data-end=\"2970\">raskete 24V diiselveokite diagnostikaks<\/strong>.<\/li>\n<\/ul>\n<p data-start=\"2975\" data-end=\"3025\">\u2705 <strong data-start=\"2977\" data-end=\"3023\">T\u00e4iendavad kasutajas\u00f5bralikud funktsioonid<\/strong><\/p>\n<ul data-start=\"3026\" data-end=\"3271\">\n<li data-start=\"3026\" data-end=\"3099\"><strong data-start=\"3028\" data-end=\"3062\">\u00dche kl\u00f5psuga WiFi v\u00e4rskendused<\/strong> tarkvara ja p\u00fcsivara uuendamiseks.<\/li>\n<li data-start=\"3100\" data-end=\"3177\"><strong data-start=\"3102\" data-end=\"3135\">Diagnostika aruanne &amp; ajalugu<\/strong> \u2013 tulemuste salvestamine ja printimine.<\/li>\n<li data-start=\"3178\" data-end=\"3271\"><strong data-start=\"3180\" data-end=\"3264\">DTC veakoodide remondijuhised, elektriskeemid, Google abi, automoto k\u00e4siraamatud<\/strong> jne.<\/li>\n<\/ul>","protected":false},"excerpt":{"rendered":"<ul>\n<li><strong data-start=\"316\" data-end=\"352\">Tie\u0161saistes kod\u0113\u0161anas un IMMO pakalpojumi<\/strong> - atbalsta vad\u012bbas modu\u013cu kod\u0113\u0161anu un atsl\u0113gu saska\u0146o\u0161anu.<\/li>\n<li><strong data-start=\"415\" data-end=\"455\">VIN sken\u0113\u0161ana ar autom\u0101tisko identifik\u0101ciju<\/strong> - \u0101tra un prec\u012bza transportl\u012bdzek\u013ca identifik\u0101cija.<\/li>\n<li><strong data-start=\"505\" data-end=\"544\">Multi-PID re\u0101l\u0101 laika datu grafiks<\/strong> - l\u012bdz 12 datu pl\u016bsm\u0101m vien\u0101 ekr\u0101n\u0101 vienlaikus.<\/li>\n<li><strong data-start=\"593\" data-end=\"628\">Uzlabota OE l\u012bme\u0146a diagnostika<\/strong> - piln\u012bga sist\u0113mu sken\u0113\u0161ana, k\u013c\u016bdu kodu nolas\u012b\u0161ana un dz\u0113\u0161ana, akt\u012bvi testi.<\/li>\n<li><strong data-start=\"718\" data-end=\"740\">55+ apr\u016bpes pakalpojumi<\/strong> - ieskaitot e\u013c\u013cas mai\u0146as atiestat\u012b\u0161anu, TPMS, izsmidzin\u0101\u0161anas kod\u0113\u0161anu, drose\u013cv\u0101rsta regul\u0113\u0161anu u. c.<\/li>\n<\/ul>","protected":false},"featured_media":10901,"template":"","meta":[],"product_brand":[317],"product_cat":[307,299],"product_tag":[],"class_list":{"0":"post-10899","1":"product","2":"type-product","3":"status-publish","4":"has-post-thumbnail","6":"product_brand-launch","7":"product_cat-diagnostika","8":"product_cat-diagnostikaseadmed","9":"ts_product_brand-brand-launch","11":"first","12":"instock","13":"sale","14":"featured","15":"taxable","16":"shipping-taxable","17":"purchasable","18":"product-type-simple"},"yoast_head":"<!-- This site is optimized with the Yoast SEO plugin v26.7 - https:\/\/yoast.com\/wordpress\/plugins\/seo\/ -->\n<title>LAUNCH X431 PRO3 S+ V5.0 - DriveLab<\/title>\n<meta name=\"description\" content=\"LAUNCH X431 PRO3S+ V5.0 on professionaalne autodiagnostika seade ECU kodeerimise, kahepoolse juhtimise ja 55+ hooldusfunktsiooniga. Sobib 300+ automargile!\" \/>\n<meta name=\"robots\" content=\"index, follow, max-snippet:-1, max-image-preview:large, max-video-preview:-1\" \/>\n<link rel=\"canonical\" href=\"https:\/\/drivelab.ee\/lv\/product\/launch-x431-pro3s-v5-0-scanner\/\" \/>\n<meta property=\"og:locale\" content=\"lv_LV\" \/>\n<meta property=\"og:type\" content=\"article\" \/>\n<meta property=\"og:title\" content=\"LAUNCH X431 PRO3 S+ V5.0 - DriveLab\" \/>\n<meta property=\"og:description\" content=\"LAUNCH X431 PRO3S+ V5.0 on professionaalne autodiagnostika seade ECU kodeerimise, kahepoolse juhtimise ja 55+ hooldusfunktsiooniga. Sobib 300+ automargile!\" \/>\n<meta property=\"og:url\" content=\"https:\/\/drivelab.ee\/lv\/product\/launch-x431-pro3s-v5-0-scanner\/\" \/>\n<meta property=\"og:site_name\" content=\"DriveLab\" \/>\n<meta property=\"article:modified_time\" content=\"2026-04-10T15:48:35+00:00\" \/>\n<meta property=\"og:image\" content=\"https:\/\/drivelab.ee\/wp-content\/uploads\/2025\/03\/24040917126563317087.jpg\" \/>\n\t<meta property=\"og:image:width\" content=\"500\" \/>\n\t<meta property=\"og:image:height\" content=\"500\" \/>\n\t<meta property=\"og:image:type\" content=\"image\/jpeg\" \/>\n<meta name=\"twitter:card\" content=\"summary_large_image\" \/>\n<meta name=\"twitter:label1\" content=\"Est. reading time\" \/>\n\t<meta name=\"twitter:data1\" content=\"2 min\u016btes\" \/>\n<script type=\"application\/ld+json\" class=\"yoast-schema-graph\">{\"@context\":\"https:\/\/schema.org\",\"@graph\":[{\"@type\":\"WebPage\",\"@id\":\"https:\/\/drivelab.ee\/product\/launch-x431-pro3s-v5-0-scanner\/\",\"url\":\"https:\/\/drivelab.ee\/product\/launch-x431-pro3s-v5-0-scanner\/\",\"name\":\"LAUNCH X431 PRO3 S+ V5.0 - DriveLab\",\"isPartOf\":{\"@id\":\"https:\/\/drivelab.ee\/#website\"},\"primaryImageOfPage\":{\"@id\":\"https:\/\/drivelab.ee\/product\/launch-x431-pro3s-v5-0-scanner\/#primaryimage\"},\"image\":{\"@id\":\"https:\/\/drivelab.ee\/product\/launch-x431-pro3s-v5-0-scanner\/#primaryimage\"},\"thumbnailUrl\":\"https:\/\/drivelab.ee\/wp-content\/uploads\/2025\/03\/24040917126563317087.jpg\",\"datePublished\":\"2025-03-02T15:09:41+00:00\",\"dateModified\":\"2026-04-10T15:48:35+00:00\",\"description\":\"LAUNCH X431 PRO3S+ V5.0 on professionaalne autodiagnostika seade ECU kodeerimise, kahepoolse juhtimise ja 55+ hooldusfunktsiooniga. Sobib 300+ automargile!\",\"breadcrumb\":{\"@id\":\"https:\/\/drivelab.ee\/product\/launch-x431-pro3s-v5-0-scanner\/#breadcrumb\"},\"inLanguage\":\"lv-LV\",\"potentialAction\":[{\"@type\":\"ReadAction\",\"target\":[\"https:\/\/drivelab.ee\/product\/launch-x431-pro3s-v5-0-scanner\/\"]}]},{\"@type\":\"ImageObject\",\"inLanguage\":\"lv-LV\",\"@id\":\"https:\/\/drivelab.ee\/product\/launch-x431-pro3s-v5-0-scanner\/#primaryimage\",\"url\":\"https:\/\/drivelab.ee\/wp-content\/uploads\/2025\/03\/24040917126563317087.jpg\",\"contentUrl\":\"https:\/\/drivelab.ee\/wp-content\/uploads\/2025\/03\/24040917126563317087.jpg\",\"width\":500,\"height\":500},{\"@type\":\"BreadcrumbList\",\"@id\":\"https:\/\/drivelab.ee\/product\/launch-x431-pro3s-v5-0-scanner\/#breadcrumb\",\"itemListElement\":[{\"@type\":\"ListItem\",\"position\":1,\"name\":\"Home\",\"item\":\"https:\/\/drivelab.ee\/\"},{\"@type\":\"ListItem\",\"position\":2,\"name\":\"Pood\",\"item\":\"https:\/\/drivelab.ee\/shop\/\"},{\"@type\":\"ListItem\",\"position\":3,\"name\":\"LAUNCH X431 PRO3 S+ V5.0\"}]},{\"@type\":\"WebSite\",\"@id\":\"https:\/\/drivelab.ee\/#website\",\"url\":\"https:\/\/drivelab.ee\/\",\"name\":\"DriveLab.ee\",\"description\":\"\",\"publisher\":{\"@id\":\"https:\/\/drivelab.ee\/#organization\"},\"potentialAction\":[{\"@type\":\"SearchAction\",\"target\":{\"@type\":\"EntryPoint\",\"urlTemplate\":\"https:\/\/drivelab.ee\/?s={search_term_string}\"},\"query-input\":{\"@type\":\"PropertyValueSpecification\",\"valueRequired\":true,\"valueName\":\"search_term_string\"}}],\"inLanguage\":\"lv-LV\"},{\"@type\":\"Organization\",\"@id\":\"https:\/\/drivelab.ee\/#organization\",\"name\":\"DriveLab\",\"url\":\"https:\/\/drivelab.ee\/\",\"logo\":{\"@type\":\"ImageObject\",\"inLanguage\":\"lv-LV\",\"@id\":\"https:\/\/drivelab.ee\/#\/schema\/logo\/image\/\",\"url\":\"https:\/\/drivelab.ee\/wp-content\/uploads\/2025\/01\/test-logo-1.png\",\"contentUrl\":\"https:\/\/drivelab.ee\/wp-content\/uploads\/2025\/01\/test-logo-1.png\",\"width\":492,\"height\":95,\"caption\":\"DriveLab\"},\"image\":{\"@id\":\"https:\/\/drivelab.ee\/#\/schema\/logo\/image\/\"}}]}<\/script>\n<!-- \/ Yoast SEO plugin. -->","yoast_head_json":{"title":"LAUNCH X431 PRO3 S+ V5.0 - DriveLab","description":"LAUNCH X431 PRO3S+ V5.0 on professionaalne autodiagnostika seade ECU kodeerimise, kahepoolse juhtimise ja 55+ hooldusfunktsiooniga. Sobib 300+ automargile!","robots":{"index":"index","follow":"follow","max-snippet":"max-snippet:-1","max-image-preview":"max-image-preview:large","max-video-preview":"max-video-preview:-1"},"canonical":"https:\/\/drivelab.ee\/lv\/product\/launch-x431-pro3s-v5-0-scanner\/","og_locale":"lv_LV","og_type":"article","og_title":"LAUNCH X431 PRO3 S+ V5.0 - DriveLab","og_description":"LAUNCH X431 PRO3S+ V5.0 on professionaalne autodiagnostika seade ECU kodeerimise, kahepoolse juhtimise ja 55+ hooldusfunktsiooniga. Sobib 300+ automargile!","og_url":"https:\/\/drivelab.ee\/lv\/product\/launch-x431-pro3s-v5-0-scanner\/","og_site_name":"DriveLab","article_modified_time":"2026-04-10T15:48:35+00:00","og_image":[{"width":500,"height":500,"url":"https:\/\/drivelab.ee\/wp-content\/uploads\/2025\/03\/24040917126563317087.jpg","type":"image\/jpeg"}],"twitter_card":"summary_large_image","twitter_misc":{"Est. reading time":"2 min\u016btes"},"schema":{"@context":"https:\/\/schema.org","@graph":[{"@type":"WebPage","@id":"https:\/\/drivelab.ee\/product\/launch-x431-pro3s-v5-0-scanner\/","url":"https:\/\/drivelab.ee\/product\/launch-x431-pro3s-v5-0-scanner\/","name":"LAUNCH X431 PRO3 S+ V5.0 - DriveLab","isPartOf":{"@id":"https:\/\/drivelab.ee\/#website"},"primaryImageOfPage":{"@id":"https:\/\/drivelab.ee\/product\/launch-x431-pro3s-v5-0-scanner\/#primaryimage"},"image":{"@id":"https:\/\/drivelab.ee\/product\/launch-x431-pro3s-v5-0-scanner\/#primaryimage"},"thumbnailUrl":"https:\/\/drivelab.ee\/wp-content\/uploads\/2025\/03\/24040917126563317087.jpg","datePublished":"2025-03-02T15:09:41+00:00","dateModified":"2026-04-10T15:48:35+00:00","description":"LAUNCH X431 PRO3S+ V5.0 on professionaalne autodiagnostika seade ECU kodeerimise, kahepoolse juhtimise ja 55+ hooldusfunktsiooniga. Sobib 300+ automargile!","breadcrumb":{"@id":"https:\/\/drivelab.ee\/product\/launch-x431-pro3s-v5-0-scanner\/#breadcrumb"},"inLanguage":"lv-LV","potentialAction":[{"@type":"ReadAction","target":["https:\/\/drivelab.ee\/product\/launch-x431-pro3s-v5-0-scanner\/"]}]},{"@type":"ImageObject","inLanguage":"lv-LV","@id":"https:\/\/drivelab.ee\/product\/launch-x431-pro3s-v5-0-scanner\/#primaryimage","url":"https:\/\/drivelab.ee\/wp-content\/uploads\/2025\/03\/24040917126563317087.jpg","contentUrl":"https:\/\/drivelab.ee\/wp-content\/uploads\/2025\/03\/24040917126563317087.jpg","width":500,"height":500},{"@type":"BreadcrumbList","@id":"https:\/\/drivelab.ee\/product\/launch-x431-pro3s-v5-0-scanner\/#breadcrumb","itemListElement":[{"@type":"ListItem","position":1,"name":"Home","item":"https:\/\/drivelab.ee\/"},{"@type":"ListItem","position":2,"name":"Pood","item":"https:\/\/drivelab.ee\/shop\/"},{"@type":"ListItem","position":3,"name":"LAUNCH X431 PRO3 S+ V5.0"}]},{"@type":"WebSite","@id":"https:\/\/drivelab.ee\/#website","url":"https:\/\/drivelab.ee\/","name":"DriveLab.ee","description":"","publisher":{"@id":"https:\/\/drivelab.ee\/#organization"},"potentialAction":[{"@type":"SearchAction","target":{"@type":"EntryPoint","urlTemplate":"https:\/\/drivelab.ee\/?s={search_term_string}"},"query-input":{"@type":"PropertyValueSpecification","valueRequired":true,"valueName":"search_term_string"}}],"inLanguage":"lv-LV"},{"@type":"Organization","@id":"https:\/\/drivelab.ee\/#organization","name":"DriveLab","url":"https:\/\/drivelab.ee\/","logo":{"@type":"ImageObject","inLanguage":"lv-LV","@id":"https:\/\/drivelab.ee\/#\/schema\/logo\/image\/","url":"https:\/\/drivelab.ee\/wp-content\/uploads\/2025\/01\/test-logo-1.png","contentUrl":"https:\/\/drivelab.ee\/wp-content\/uploads\/2025\/01\/test-logo-1.png","width":492,"height":95,"caption":"DriveLab"},"image":{"@id":"https:\/\/drivelab.ee\/#\/schema\/logo\/image\/"}}]}},"jetpack_sharing_enabled":true,"_links":{"self":[{"href":"https:\/\/drivelab.ee\/lv\/wp-json\/wp\/v2\/product\/10899","targetHints":{"allow":["GET"]}}],"collection":[{"href":"https:\/\/drivelab.ee\/lv\/wp-json\/wp\/v2\/product"}],"about":[{"href":"https:\/\/drivelab.ee\/lv\/wp-json\/wp\/v2\/types\/product"}],"wp:featuredmedia":[{"embeddable":true,"href":"https:\/\/drivelab.ee\/lv\/wp-json\/wp\/v2\/media\/10901"}],"wp:attachment":[{"href":"https:\/\/drivelab.ee\/lv\/wp-json\/wp\/v2\/media?parent=10899"}],"wp:term":[{"taxonomy":"product_brand","embeddable":true,"href":"https:\/\/drivelab.ee\/lv\/wp-json\/wp\/v2\/product_brand?post=10899"},{"taxonomy":"product_cat","embeddable":true,"href":"https:\/\/drivelab.ee\/lv\/wp-json\/wp\/v2\/product_cat?post=10899"},{"taxonomy":"product_tag","embeddable":true,"href":"https:\/\/drivelab.ee\/lv\/wp-json\/wp\/v2\/product_tag?post=10899"}],"curies":[{"name":"wp","href":"https:\/\/api.w.org\/{rel}","templated":true}]}}